{"id":893,"date":"2022-07-31T14:46:10","date_gmt":"2022-07-31T12:46:10","guid":{"rendered":"https:\/\/niceafrica.eu\/?post_type=product&#038;p=893"},"modified":"2025-05-29T23:02:03","modified_gmt":"2025-05-29T21:02:03","slug":"nouvelle-collection-2023-panniers","status":"publish","type":"product","link":"https:\/\/niceafrica.eu\/index.php\/produit\/nouvelle-collection-2023-panniers\/","title":{"rendered":"Nouvelle Collection 2023 Panniers"},"content":{"rendered":"<p>Une large collection de paniers aux coloris et dessins s\u00e9duisants de diff\u00e9rentes tailles<\/p>\n<div class=\"sharedaddy sd-sharing-enabled\"><div class=\"robots-nocontent sd-block sd-social sd-social-icon sd-sharing\"><h3 class=\"sd-title\">Partager\u00a0:<\/h3><div class=\"sd-content\"><ul><li class=\"share-twitter\"><a rel=\"nofollow noopener noreferrer\" data-shared=\"sharing-twitter-893\" class=\"share-twitter sd-button share-icon no-text\" href=\"https:\/\/niceafrica.eu\/index.php\/produit\/nouvelle-collection-2023-panniers\/?share=twitter\" target=\"_blank\" title=\"Cliquez pour partager sur Twitter\" ><span><\/span><span class=\"sharing-screen-reader-text\">Cliquez pour partager sur Twitter(ouvre dans une nouvelle fen\u00eatre)<\/span><\/a><\/li><li class=\"share-facebook\"><a rel=\"nofollow noopener noreferrer\" data-shared=\"sharing-facebook-893\" class=\"share-facebook sd-button share-icon no-text\" href=\"https:\/\/niceafrica.eu\/index.php\/produit\/nouvelle-collection-2023-panniers\/?share=facebook\" target=\"_blank\" title=\"Cliquez pour partager sur Facebook\" ><span><\/span><span class=\"sharing-screen-reader-text\">Cliquez pour partager sur Facebook(ouvre dans une nouvelle fen\u00eatre)<\/span><\/a><\/li><li class=\"share-jetpack-whatsapp\"><a rel=\"nofollow noopener noreferrer\" data-shared=\"\" class=\"share-jetpack-whatsapp sd-button share-icon no-text\" href=\"https:\/\/niceafrica.eu\/index.php\/produit\/nouvelle-collection-2023-panniers\/?share=jetpack-whatsapp\" target=\"_blank\" title=\"Cliquez pour partager sur WhatsApp\" ><span><\/span><span class=\"sharing-screen-reader-text\">Cliquez pour partager sur WhatsApp(ouvre dans une nouvelle fen\u00eatre)<\/span><\/a><\/li><li class=\"share-linkedin\"><a rel=\"nofollow noopener noreferrer\" data-shared=\"sharing-linkedin-893\" class=\"share-linkedin sd-button share-icon no-text\" href=\"https:\/\/niceafrica.eu\/index.php\/produit\/nouvelle-collection-2023-panniers\/?share=linkedin\" target=\"_blank\" title=\"Cliquez pour partager sur LinkedIn\" ><span><\/span><span class=\"sharing-screen-reader-text\">Cliquez pour partager sur LinkedIn(ouvre dans une nouvelle fen\u00eatre)<\/span><\/a><\/li><li class=\"share-email\"><a rel=\"nofollow noopener noreferrer\" data-shared=\"\" class=\"share-email sd-button share-icon no-text\" href=\"mailto:?subject=%5BArticle%20partag%C3%A9%5D%20Nouvelle%20Collection%202023%20Panniers&body=https%3A%2F%2Fniceafrica.eu%2Findex.php%2Fproduit%2Fnouvelle-collection-2023-panniers%2F&share=email\" target=\"_blank\" title=\"Cliquer pour envoyer un lien par e-mail \u00e0 un ami\" data-email-share-error-title=\"Votre messagerie est-elle configur\u00e9e\u00a0?\" data-email-share-error-text=\"Si vous rencontrez des probl\u00e8mes de partage par e-mail, votre messagerie n\u2019est peut-\u00eatre pas configur\u00e9e pour votre navigateur. Vous devrez peut-\u00eatre cr\u00e9er vous-m\u00eame une nouvelle messagerie.\" data-email-share-nonce=\"833aaeacf6\" data-email-share-track-url=\"https:\/\/niceafrica.eu\/index.php\/produit\/nouvelle-collection-2023-panniers\/?share=email\"><span><\/span><span class=\"sharing-screen-reader-text\">Cliquer pour envoyer un lien par e-mail \u00e0 un ami(ouvre dans une nouvelle fen\u00eatre)<\/span><\/a><\/li><li class=\"share-pinterest\"><a rel=\"nofollow noopener noreferrer\" data-shared=\"sharing-pinterest-893\" class=\"share-pinterest sd-button share-icon no-text\" href=\"https:\/\/niceafrica.eu\/index.php\/produit\/nouvelle-collection-2023-panniers\/?share=pinterest\" target=\"_blank\" title=\"Cliquez pour partager sur Pinterest\" ><span><\/span><span class=\"sharing-screen-reader-text\">Cliquez pour partager sur Pinterest(ouvre dans une nouvelle fen\u00eatre)<\/span><\/a><\/li><li class=\"share-end\"><\/li><\/ul><\/div><\/div><\/div>","protected":false},"excerpt":{"rendered":"<p>Une large collection de paniers aux coloris et dessins s\u00e9duisants de diff\u00e9rentes tailles<\/p>\n<div class=\"sharedaddy sd-sharing-enabled\"><div class=\"robots-nocontent sd-block sd-social sd-social-icon sd-sharing\"><h3 class=\"sd-title\">Partager\u00a0:<\/h3><div class=\"sd-content\"><ul><li class=\"share-twitter\"><a rel=\"nofollow noopener noreferrer\" data-shared=\"sharing-twitter-893\" class=\"share-twitter sd-button share-icon no-text\" href=\"https:\/\/niceafrica.eu\/index.php\/produit\/nouvelle-collection-2023-panniers\/?share=twitter\" target=\"_blank\" title=\"Cliquez pour partager sur Twitter\" ><span><\/span><span class=\"sharing-screen-reader-text\">Cliquez pour partager sur Twitter(ouvre dans une nouvelle fen\u00eatre)<\/span><\/a><\/li><li class=\"share-facebook\"><a rel=\"nofollow noopener noreferrer\" data-shared=\"sharing-facebook-893\" class=\"share-facebook sd-button share-icon no-text\" href=\"https:\/\/niceafrica.eu\/index.php\/produit\/nouvelle-collection-2023-panniers\/?share=facebook\" target=\"_blank\" title=\"Cliquez pour partager sur Facebook\" ><span><\/span><span class=\"sharing-screen-reader-text\">Cliquez pour partager sur Facebook(ouvre dans une nouvelle fen\u00eatre)<\/span><\/a><\/li><li class=\"share-jetpack-whatsapp\"><a rel=\"nofollow noopener noreferrer\" data-shared=\"\" class=\"share-jetpack-whatsapp sd-button share-icon no-text\" href=\"https:\/\/niceafrica.eu\/index.php\/produit\/nouvelle-collection-2023-panniers\/?share=jetpack-whatsapp\" target=\"_blank\" title=\"Cliquez pour partager sur WhatsApp\" ><span><\/span><span class=\"sharing-screen-reader-text\">Cliquez pour partager sur WhatsApp(ouvre dans une nouvelle fen\u00eatre)<\/span><\/a><\/li><li class=\"share-linkedin\"><a rel=\"nofollow noopener noreferrer\" data-shared=\"sharing-linkedin-893\" class=\"share-linkedin sd-button share-icon no-text\" href=\"https:\/\/niceafrica.eu\/index.php\/produit\/nouvelle-collection-2023-panniers\/?share=linkedin\" target=\"_blank\" title=\"Cliquez pour partager sur LinkedIn\" ><span><\/span><span class=\"sharing-screen-reader-text\">Cliquez pour partager sur LinkedIn(ouvre dans une nouvelle fen\u00eatre)<\/span><\/a><\/li><li class=\"share-email\"><a rel=\"nofollow noopener noreferrer\" data-shared=\"\" class=\"share-email sd-button share-icon no-text\" href=\"mailto:?subject=%5BArticle%20partag%C3%A9%5D%20Nouvelle%20Collection%202023%20Panniers&body=https%3A%2F%2Fniceafrica.eu%2Findex.php%2Fproduit%2Fnouvelle-collection-2023-panniers%2F&share=email\" target=\"_blank\" title=\"Cliquer pour envoyer un lien par e-mail \u00e0 un ami\" data-email-share-error-title=\"Votre messagerie est-elle configur\u00e9e\u00a0?\" data-email-share-error-text=\"Si vous rencontrez des probl\u00e8mes de partage par e-mail, votre messagerie n\u2019est peut-\u00eatre pas configur\u00e9e pour votre navigateur. Vous devrez peut-\u00eatre cr\u00e9er vous-m\u00eame une nouvelle messagerie.\" data-email-share-nonce=\"833aaeacf6\" data-email-share-track-url=\"https:\/\/niceafrica.eu\/index.php\/produit\/nouvelle-collection-2023-panniers\/?share=email\"><span><\/span><span class=\"sharing-screen-reader-text\">Cliquer pour envoyer un lien par e-mail \u00e0 un ami(ouvre dans une nouvelle fen\u00eatre)<\/span><\/a><\/li><li class=\"share-pinterest\"><a rel=\"nofollow noopener noreferrer\" data-shared=\"sharing-pinterest-893\" class=\"share-pinterest sd-button share-icon no-text\" href=\"https:\/\/niceafrica.eu\/index.php\/produit\/nouvelle-collection-2023-panniers\/?share=pinterest\" target=\"_blank\" title=\"Cliquez pour partager sur Pinterest\" ><span><\/span><span class=\"sharing-screen-reader-text\">Cliquez pour partager sur Pinterest(ouvre dans une nouvelle fen\u00eatre)<\/span><\/a><\/li><li class=\"share-end\"><\/li><\/ul><\/div><\/div><\/div>","protected":false},"featured_media":886,"comment_status":"open","ping_status":"closed","template":"","meta":{"jetpack_publicize_message":"","jetpack_is_tweetstorm":false,"jetpack_publicize_feature_enabled":true},"product_cat":[33,24],"product_tag":[],"jetpack_publicize_connections":[],"jetpack_sharing_enabled":true,"jetpack-related-posts":[{"id":849,"url":"https:\/\/niceafrica.eu\/index.php\/produit\/nouvelle-collection-2\/","url_meta":{"origin":893,"position":0},"title":"Wave","date":"24 novembre 2021","format":false,"excerpt":"Vestes longues taille unique en Coton Faso Danfani.","rel":"","context":"Article similaire","img":{"alt_text":"","src":"https:\/\/i0.wp.com\/niceafrica.eu\/wp-content\/uploads\/2021\/11\/gris-1-scaled.jpg?fit=1200%2C800&ssl=1&resize=350%2C200","width":350,"height":200},"classes":[]},{"id":879,"url":"https:\/\/niceafrica.eu\/index.php\/produit\/oiseau-du-desert\/","url_meta":{"origin":893,"position":1},"title":"Nouvelle Collection 2023 Oiseau du d\u00e9sert","date":"31 juillet 2022","format":false,"excerpt":"Robe mi-longue agr\u00e9able \u00e0 porter. Vous vous sentirez belle en toute circonstance dans ce mod\u00e8le exclusif. Coton soyeux et coton \u00e0 motifs. Taille unique. Origine: Burkina Faso.","rel":"","context":"Article similaire","img":{"alt_text":"","src":"https:\/\/i0.wp.com\/niceafrica.eu\/wp-content\/uploads\/2022\/07\/nouvelle-collection-2022-2f.jpg?fit=960%2C1200&ssl=1&resize=350%2C200","width":350,"height":200},"classes":[]},{"id":892,"url":"https:\/\/niceafrica.eu\/index.php\/produit\/nouvelle-collection-2023-jupe-batic\/","url_meta":{"origin":893,"position":2},"title":"Nouvelle Collection 2023 Jupe Batic","date":"31 juillet 2022","format":false,"excerpt":"Magnifique jupe longue et ample de couleurs sables rouges et ocres chamois\u00e9es en cotonn souple. Origine: Burkina Faso","rel":"","context":"Article similaire","img":{"alt_text":"","src":"https:\/\/i0.wp.com\/niceafrica.eu\/wp-content\/uploads\/2022\/07\/nouvelle-collection-2022-4f.jpg?fit=960%2C1200&ssl=1&resize=350%2C200","width":350,"height":200},"classes":[]},{"id":883,"url":"https:\/\/niceafrica.eu\/index.php\/produit\/nouvelle-collection-blue-move\/","url_meta":{"origin":893,"position":3},"title":"(A1009) Nouvelle collection Blue Move","date":"31 juillet 2022","format":false,"excerpt":"Robe virevoltante aux motifs bleus. Dos nus, \u00e9paules d\u00e9gag\u00e9es. Vous ferez sensation aux garden parties hupp\u00e9s, sur les plages ou en soir\u00e9e. Coton l\u00e9ger. Origine Burkina Faso. Taille unique.","rel":"","context":"Article similaire","img":{"alt_text":"","src":"https:\/\/i0.wp.com\/niceafrica.eu\/wp-content\/uploads\/2022\/07\/nouvelle-collection-2022-3f.jpg?fit=1067%2C1200&ssl=1&resize=350%2C200","width":350,"height":200},"classes":[]},{"id":890,"url":"https:\/\/niceafrica.eu\/index.php\/produit\/nouvelle-collection-chemise-top-bleu-lignee\/","url_meta":{"origin":893,"position":4},"title":"Nouvelle Collection Chemise top bleu lign\u00e9e","date":"31 juillet 2022","format":false,"excerpt":"Se promener en \u00e9l\u00e9gance avec cette confortable chemise en Faso Danfani, le c\u00e9l\u00e8bre coton burkinab\u00e8.","rel":"","context":"Article similaire","img":{"alt_text":"","src":"https:\/\/i0.wp.com\/niceafrica.eu\/wp-content\/uploads\/2022\/07\/Veste-top-bleue-ecrue.jpg?fit=793%2C984&ssl=1&resize=350%2C200","width":350,"height":200},"classes":[]},{"id":889,"url":"https:\/\/niceafrica.eu\/index.php\/produit\/nouvelle-collection-chemise-top-blanche-ecru\/","url_meta":{"origin":893,"position":5},"title":"Nouvelle Collection. Chemise top Blanche \u00e9cru","date":"31 juillet 2022","format":false,"excerpt":"El\u00e9gance et comfort, ce top en Faso Danfani, le Coton mode du Burkina Faso","rel":"","context":"Article similaire","img":{"alt_text":"","src":"https:\/\/i0.wp.com\/niceafrica.eu\/wp-content\/uploads\/2022\/07\/veste-top-blanc-ecru-lignee.jpg?fit=513%2C548&ssl=1&resize=350%2C200","width":350,"height":200},"classes":[]}],"jetpack_likes_enabled":true,"_links":{"self":[{"href":"https:\/\/niceafrica.eu\/index.php\/wp-json\/wp\/v2\/product\/893"}],"collection":[{"href":"https:\/\/niceafrica.eu\/index.php\/wp-json\/wp\/v2\/product"}],"about":[{"href":"https:\/\/niceafrica.eu\/index.php\/wp-json\/wp\/v2\/types\/product"}],"replies":[{"embeddable":true,"href":"https:\/\/niceafrica.eu\/index.php\/wp-json\/wp\/v2\/comments?post=893"}],"wp:featuredmedia":[{"embeddable":true,"href":"https:\/\/niceafrica.eu\/index.php\/wp-json\/wp\/v2\/media\/886"}],"wp:attachment":[{"href":"https:\/\/niceafrica.eu\/index.php\/wp-json\/wp\/v2\/media?parent=893"}],"wp:term":[{"taxonomy":"product_cat","embeddable":true,"href":"https:\/\/niceafrica.eu\/index.php\/wp-json\/wp\/v2\/product_cat?post=893"},{"taxonomy":"product_tag","embeddable":true,"href":"https:\/\/niceafrica.eu\/index.php\/wp-json\/wp\/v2\/product_tag?post=893"}],"curies":[{"name":"wp","href":"https:\/\/api.w.org\/{rel}","templated":true}]}}