{"id":890,"date":"2022-07-31T14:32:19","date_gmt":"2022-07-31T12:32:19","guid":{"rendered":"https:\/\/niceafrica.eu\/?post_type=product&#038;p=890"},"modified":"2024-07-03T02:11:55","modified_gmt":"2024-07-03T00:11:55","slug":"nouvelle-collection-chemise-top-bleu-lignee","status":"publish","type":"product","link":"https:\/\/niceafrica.eu\/index.php\/produit\/nouvelle-collection-chemise-top-bleu-lignee\/","title":{"rendered":"Nouvelle Collection Chemise top bleu lign\u00e9e"},"content":{"rendered":"<p>El\u00e9gante chemise en Faso Danfani<\/p>\n<div class=\"sharedaddy sd-sharing-enabled\"><div class=\"robots-nocontent sd-block sd-social sd-social-icon sd-sharing\"><h3 class=\"sd-title\">Partager\u00a0:<\/h3><div class=\"sd-content\"><ul><li class=\"share-twitter\"><a rel=\"nofollow noopener noreferrer\" data-shared=\"sharing-twitter-890\" class=\"share-twitter sd-button share-icon no-text\" href=\"https:\/\/niceafrica.eu\/index.php\/produit\/nouvelle-collection-chemise-top-bleu-lignee\/?share=twitter\" target=\"_blank\" title=\"Cliquez pour partager sur Twitter\" ><span><\/span><span class=\"sharing-screen-reader-text\">Cliquez pour partager sur Twitter(ouvre dans une nouvelle fen\u00eatre)<\/span><\/a><\/li><li class=\"share-facebook\"><a rel=\"nofollow noopener noreferrer\" data-shared=\"sharing-facebook-890\" class=\"share-facebook sd-button share-icon no-text\" href=\"https:\/\/niceafrica.eu\/index.php\/produit\/nouvelle-collection-chemise-top-bleu-lignee\/?share=facebook\" target=\"_blank\" title=\"Cliquez pour partager sur Facebook\" ><span><\/span><span class=\"sharing-screen-reader-text\">Cliquez pour partager sur Facebook(ouvre dans une nouvelle fen\u00eatre)<\/span><\/a><\/li><li class=\"share-jetpack-whatsapp\"><a rel=\"nofollow noopener noreferrer\" data-shared=\"\" class=\"share-jetpack-whatsapp sd-button share-icon no-text\" href=\"https:\/\/niceafrica.eu\/index.php\/produit\/nouvelle-collection-chemise-top-bleu-lignee\/?share=jetpack-whatsapp\" target=\"_blank\" title=\"Cliquez pour partager sur WhatsApp\" ><span><\/span><span class=\"sharing-screen-reader-text\">Cliquez pour partager sur WhatsApp(ouvre dans une nouvelle fen\u00eatre)<\/span><\/a><\/li><li class=\"share-linkedin\"><a rel=\"nofollow noopener noreferrer\" data-shared=\"sharing-linkedin-890\" class=\"share-linkedin sd-button share-icon no-text\" href=\"https:\/\/niceafrica.eu\/index.php\/produit\/nouvelle-collection-chemise-top-bleu-lignee\/?share=linkedin\" target=\"_blank\" title=\"Cliquez pour partager sur LinkedIn\" ><span><\/span><span class=\"sharing-screen-reader-text\">Cliquez pour partager sur LinkedIn(ouvre dans une nouvelle fen\u00eatre)<\/span><\/a><\/li><li class=\"share-email\"><a rel=\"nofollow noopener noreferrer\" data-shared=\"\" class=\"share-email sd-button share-icon no-text\" href=\"mailto:?subject=%5BArticle%20partag%C3%A9%5D%20Nouvelle%20Collection%20Chemise%20top%20bleu%20lign%C3%A9e&body=https%3A%2F%2Fniceafrica.eu%2Findex.php%2Fproduit%2Fnouvelle-collection-chemise-top-bleu-lignee%2F&share=email\" target=\"_blank\" title=\"Cliquer pour envoyer un lien par e-mail \u00e0 un ami\" data-email-share-error-title=\"Votre messagerie est-elle configur\u00e9e\u00a0?\" data-email-share-error-text=\"Si vous rencontrez des probl\u00e8mes de partage par e-mail, votre messagerie n\u2019est peut-\u00eatre pas configur\u00e9e pour votre navigateur. Vous devrez peut-\u00eatre cr\u00e9er vous-m\u00eame une nouvelle messagerie.\" data-email-share-nonce=\"322a5d820e\" data-email-share-track-url=\"https:\/\/niceafrica.eu\/index.php\/produit\/nouvelle-collection-chemise-top-bleu-lignee\/?share=email\"><span><\/span><span class=\"sharing-screen-reader-text\">Cliquer pour envoyer un lien par e-mail \u00e0 un ami(ouvre dans une nouvelle fen\u00eatre)<\/span><\/a><\/li><li class=\"share-pinterest\"><a rel=\"nofollow noopener noreferrer\" data-shared=\"sharing-pinterest-890\" class=\"share-pinterest sd-button share-icon no-text\" href=\"https:\/\/niceafrica.eu\/index.php\/produit\/nouvelle-collection-chemise-top-bleu-lignee\/?share=pinterest\" target=\"_blank\" title=\"Cliquez pour partager sur Pinterest\" ><span><\/span><span class=\"sharing-screen-reader-text\">Cliquez pour partager sur Pinterest(ouvre dans une nouvelle fen\u00eatre)<\/span><\/a><\/li><li class=\"share-end\"><\/li><\/ul><\/div><\/div><\/div>","protected":false},"excerpt":{"rendered":"<p>Se promener en \u00e9l\u00e9gance avec cette confortable chemise en Faso Danfani, le c\u00e9l\u00e8bre coton burkinab\u00e8. &hellip; <a href=\"https:\/\/niceafrica.eu\/index.php\/produit\/nouvelle-collection-chemise-top-bleu-lignee\/\" class=\"more-link\"><span class=\"more-button\">Plus de d\u00e9tails<span class=\"screen-reader-text\">Nouvelle Collection Chemise top bleu lign\u00e9e<\/span><\/span><\/a><\/p>\n<div class=\"sharedaddy sd-sharing-enabled\"><div class=\"robots-nocontent sd-block sd-social sd-social-icon sd-sharing\"><h3 class=\"sd-title\">Partager\u00a0:<\/h3><div class=\"sd-content\"><ul><li class=\"share-twitter\"><a rel=\"nofollow noopener noreferrer\" data-shared=\"sharing-twitter-890\" class=\"share-twitter sd-button share-icon no-text\" href=\"https:\/\/niceafrica.eu\/index.php\/produit\/nouvelle-collection-chemise-top-bleu-lignee\/?share=twitter\" target=\"_blank\" title=\"Cliquez pour partager sur Twitter\" ><span><\/span><span class=\"sharing-screen-reader-text\">Cliquez pour partager sur Twitter(ouvre dans une nouvelle fen\u00eatre)<\/span><\/a><\/li><li class=\"share-facebook\"><a rel=\"nofollow noopener noreferrer\" data-shared=\"sharing-facebook-890\" class=\"share-facebook sd-button share-icon no-text\" href=\"https:\/\/niceafrica.eu\/index.php\/produit\/nouvelle-collection-chemise-top-bleu-lignee\/?share=facebook\" target=\"_blank\" title=\"Cliquez pour partager sur Facebook\" ><span><\/span><span class=\"sharing-screen-reader-text\">Cliquez pour partager sur Facebook(ouvre dans une nouvelle fen\u00eatre)<\/span><\/a><\/li><li class=\"share-jetpack-whatsapp\"><a rel=\"nofollow noopener noreferrer\" data-shared=\"\" class=\"share-jetpack-whatsapp sd-button share-icon no-text\" href=\"https:\/\/niceafrica.eu\/index.php\/produit\/nouvelle-collection-chemise-top-bleu-lignee\/?share=jetpack-whatsapp\" target=\"_blank\" title=\"Cliquez pour partager sur WhatsApp\" ><span><\/span><span class=\"sharing-screen-reader-text\">Cliquez pour partager sur WhatsApp(ouvre dans une nouvelle fen\u00eatre)<\/span><\/a><\/li><li class=\"share-linkedin\"><a rel=\"nofollow noopener noreferrer\" data-shared=\"sharing-linkedin-890\" class=\"share-linkedin sd-button share-icon no-text\" href=\"https:\/\/niceafrica.eu\/index.php\/produit\/nouvelle-collection-chemise-top-bleu-lignee\/?share=linkedin\" target=\"_blank\" title=\"Cliquez pour partager sur LinkedIn\" ><span><\/span><span class=\"sharing-screen-reader-text\">Cliquez pour partager sur LinkedIn(ouvre dans une nouvelle fen\u00eatre)<\/span><\/a><\/li><li class=\"share-email\"><a rel=\"nofollow noopener noreferrer\" data-shared=\"\" class=\"share-email sd-button share-icon no-text\" href=\"mailto:?subject=%5BArticle%20partag%C3%A9%5D%20Nouvelle%20Collection%20Chemise%20top%20bleu%20lign%C3%A9e&body=https%3A%2F%2Fniceafrica.eu%2Findex.php%2Fproduit%2Fnouvelle-collection-chemise-top-bleu-lignee%2F&share=email\" target=\"_blank\" title=\"Cliquer pour envoyer un lien par e-mail \u00e0 un ami\" data-email-share-error-title=\"Votre messagerie est-elle configur\u00e9e\u00a0?\" data-email-share-error-text=\"Si vous rencontrez des probl\u00e8mes de partage par e-mail, votre messagerie n\u2019est peut-\u00eatre pas configur\u00e9e pour votre navigateur. Vous devrez peut-\u00eatre cr\u00e9er vous-m\u00eame une nouvelle messagerie.\" data-email-share-nonce=\"322a5d820e\" data-email-share-track-url=\"https:\/\/niceafrica.eu\/index.php\/produit\/nouvelle-collection-chemise-top-bleu-lignee\/?share=email\"><span><\/span><span class=\"sharing-screen-reader-text\">Cliquer pour envoyer un lien par e-mail \u00e0 un ami(ouvre dans une nouvelle fen\u00eatre)<\/span><\/a><\/li><li class=\"share-pinterest\"><a rel=\"nofollow noopener noreferrer\" data-shared=\"sharing-pinterest-890\" class=\"share-pinterest sd-button share-icon no-text\" href=\"https:\/\/niceafrica.eu\/index.php\/produit\/nouvelle-collection-chemise-top-bleu-lignee\/?share=pinterest\" target=\"_blank\" title=\"Cliquez pour partager sur Pinterest\" ><span><\/span><span class=\"sharing-screen-reader-text\">Cliquez pour partager sur Pinterest(ouvre dans une nouvelle fen\u00eatre)<\/span><\/a><\/li><li class=\"share-end\"><\/li><\/ul><\/div><\/div><\/div>","protected":false},"featured_media":888,"comment_status":"open","ping_status":"closed","template":"","meta":{"jetpack_publicize_message":"","jetpack_is_tweetstorm":false,"jetpack_publicize_feature_enabled":true},"product_cat":[23],"product_tag":[],"jetpack_publicize_connections":[],"jetpack_sharing_enabled":true,"jetpack-related-posts":[{"id":889,"url":"https:\/\/niceafrica.eu\/index.php\/produit\/nouvelle-collection-chemise-top-blanche-ecru\/","url_meta":{"origin":890,"position":0},"title":"Nouvelle Collection. Chemise top Blanche \u00e9cru","date":"31 juillet 2022","format":false,"excerpt":"El\u00e9gance et comfort, ce top en Faso Danfani, le Coton mode du Burkina Faso","rel":"","context":"Article similaire","img":{"alt_text":"","src":"https:\/\/i0.wp.com\/niceafrica.eu\/wp-content\/uploads\/2022\/07\/veste-top-blanc-ecru-lignee.jpg?fit=513%2C548&ssl=1&resize=350%2C200","width":350,"height":200},"classes":[]},{"id":884,"url":"https:\/\/niceafrica.eu\/index.php\/produit\/nouvelle-collection-chemise-top-bleue\/","url_meta":{"origin":890,"position":1},"title":"Nouvelle collection Chemise top bleue","date":"31 juillet 2022","format":false,"excerpt":"Soyez super Mode et Cool dans cette chemise-tp confortable en Faso Danfani, le Coton traditionnel du Burkina Faso.","rel":"","context":"Article similaire","img":{"alt_text":"","src":"https:\/\/i0.wp.com\/niceafrica.eu\/wp-content\/uploads\/2022\/07\/veste-top-bleue-lignee.jpg?fit=448%2C584&ssl=1&resize=350%2C200","width":350,"height":200},"classes":[]},{"id":1168,"url":"https:\/\/niceafrica.eu\/index.php\/produit\/a0999-tunique-faso-danfani\/","url_meta":{"origin":890,"position":2},"title":"(A0999) Tunique Faso Danfani","date":"10 septembre 2023","format":false,"excerpt":"Le coton du Burkina Faso traditionnel, s\u00e9ant et agr\u00e9able \u00e0 porter en toutes circonstances.","rel":"","context":"Article similaire","img":{"alt_text":"","src":"https:\/\/i0.wp.com\/niceafrica.eu\/wp-content\/uploads\/2023\/09\/thumbnail_IMG_7009.jpg?fit=604%2C893&ssl=1&resize=350%2C200","width":350,"height":200},"classes":[]},{"id":849,"url":"https:\/\/niceafrica.eu\/index.php\/produit\/nouvelle-collection-2\/","url_meta":{"origin":890,"position":3},"title":"Wave","date":"24 novembre 2021","format":false,"excerpt":"Vestes longues taille unique en Coton Faso Danfani.","rel":"","context":"Article similaire","img":{"alt_text":"","src":"https:\/\/i0.wp.com\/niceafrica.eu\/wp-content\/uploads\/2021\/11\/gris-1-scaled.jpg?fit=1200%2C800&ssl=1&resize=350%2C200","width":350,"height":200},"classes":[]},{"id":1014,"url":"https:\/\/niceafrica.eu\/index.php\/produit\/tissus\/","url_meta":{"origin":890,"position":4},"title":"(A1007) Tissus","date":"25 janvier 2023","format":false,"excerpt":"En Wax ou en Coton labell\u00e9 \"Faso Danfani\", les tissus burkinab\u00e9 sont magnifiques. Que ce soit pour des couvres table ou comme couvre lits et encore, les cr\u00e9ations sp\u00e9ciales de draps.","rel":"","context":"Article similaire","img":{"alt_text":"","src":"https:\/\/i0.wp.com\/niceafrica.eu\/wp-content\/uploads\/2023\/01\/IMG_23841-rotated.jpg?fit=900%2C1200&ssl=1&resize=350%2C200","width":350,"height":200},"classes":[]},{"id":1013,"url":"https:\/\/niceafrica.eu\/index.php\/produit\/masques\/","url_meta":{"origin":890,"position":5},"title":"(A1008) Masques","date":"25 janvier 2023","format":false,"excerpt":"Les masques au Burkina Faso sont magnifiques, ils ont diff\u00e9rents r\u00f4les et signifient beaucoup de choses qui sont des histoires fabuleuses et pleines de significations.","rel":"","context":"Article similaire","img":{"alt_text":"","src":"https:\/\/i0.wp.com\/niceafrica.eu\/wp-content\/uploads\/2023\/01\/IMG_5057-rotated.jpg?fit=900%2C1200&ssl=1&resize=350%2C200","width":350,"height":200},"classes":[]}],"jetpack_likes_enabled":true,"_links":{"self":[{"href":"https:\/\/niceafrica.eu\/index.php\/wp-json\/wp\/v2\/product\/890"}],"collection":[{"href":"https:\/\/niceafrica.eu\/index.php\/wp-json\/wp\/v2\/product"}],"about":[{"href":"https:\/\/niceafrica.eu\/index.php\/wp-json\/wp\/v2\/types\/product"}],"replies":[{"embeddable":true,"href":"https:\/\/niceafrica.eu\/index.php\/wp-json\/wp\/v2\/comments?post=890"}],"wp:featuredmedia":[{"embeddable":true,"href":"https:\/\/niceafrica.eu\/index.php\/wp-json\/wp\/v2\/media\/888"}],"wp:attachment":[{"href":"https:\/\/niceafrica.eu\/index.php\/wp-json\/wp\/v2\/media?parent=890"}],"wp:term":[{"taxonomy":"product_cat","embeddable":true,"href":"https:\/\/niceafrica.eu\/index.php\/wp-json\/wp\/v2\/product_cat?post=890"},{"taxonomy":"product_tag","embeddable":true,"href":"https:\/\/niceafrica.eu\/index.php\/wp-json\/wp\/v2\/product_tag?post=890"}],"curies":[{"name":"wp","href":"https:\/\/api.w.org\/{rel}","templated":true}]}}