{"id":884,"date":"2022-07-31T14:21:02","date_gmt":"2022-07-31T12:21:02","guid":{"rendered":"https:\/\/niceafrica.eu\/?post_type=product&#038;p=884"},"modified":"2026-03-06T21:19:27","modified_gmt":"2026-03-06T20:19:27","slug":"nouvelle-collection-chemise-top-bleue","status":"publish","type":"product","link":"https:\/\/niceafrica.eu\/index.php\/produit\/nouvelle-collection-chemise-top-bleue\/","title":{"rendered":"Nouvelle collection Chemise top bleue"},"content":{"rendered":"<p>Chemise en coton Faso Danfani<\/p>\n<div class=\"sharedaddy sd-sharing-enabled\"><div class=\"robots-nocontent sd-block sd-social sd-social-icon sd-sharing\"><h3 class=\"sd-title\">Partager\u00a0:<\/h3><div class=\"sd-content\"><ul><li class=\"share-twitter\"><a rel=\"nofollow noopener noreferrer\" data-shared=\"sharing-twitter-884\" class=\"share-twitter sd-button share-icon no-text\" href=\"https:\/\/niceafrica.eu\/index.php\/produit\/nouvelle-collection-chemise-top-bleue\/?share=twitter\" target=\"_blank\" title=\"Cliquez pour partager sur Twitter\" ><span><\/span><span class=\"sharing-screen-reader-text\">Cliquez pour partager sur Twitter(ouvre dans une nouvelle fen\u00eatre)<\/span><\/a><\/li><li class=\"share-facebook\"><a rel=\"nofollow noopener noreferrer\" data-shared=\"sharing-facebook-884\" class=\"share-facebook sd-button share-icon no-text\" href=\"https:\/\/niceafrica.eu\/index.php\/produit\/nouvelle-collection-chemise-top-bleue\/?share=facebook\" target=\"_blank\" title=\"Cliquez pour partager sur Facebook\" ><span><\/span><span class=\"sharing-screen-reader-text\">Cliquez pour partager sur Facebook(ouvre dans une nouvelle fen\u00eatre)<\/span><\/a><\/li><li class=\"share-jetpack-whatsapp\"><a rel=\"nofollow noopener noreferrer\" data-shared=\"\" class=\"share-jetpack-whatsapp sd-button share-icon no-text\" href=\"https:\/\/niceafrica.eu\/index.php\/produit\/nouvelle-collection-chemise-top-bleue\/?share=jetpack-whatsapp\" target=\"_blank\" title=\"Cliquez pour partager sur WhatsApp\" ><span><\/span><span class=\"sharing-screen-reader-text\">Cliquez pour partager sur WhatsApp(ouvre dans une nouvelle fen\u00eatre)<\/span><\/a><\/li><li class=\"share-linkedin\"><a rel=\"nofollow noopener noreferrer\" data-shared=\"sharing-linkedin-884\" class=\"share-linkedin sd-button share-icon no-text\" href=\"https:\/\/niceafrica.eu\/index.php\/produit\/nouvelle-collection-chemise-top-bleue\/?share=linkedin\" target=\"_blank\" title=\"Cliquez pour partager sur LinkedIn\" ><span><\/span><span class=\"sharing-screen-reader-text\">Cliquez pour partager sur LinkedIn(ouvre dans une nouvelle fen\u00eatre)<\/span><\/a><\/li><li class=\"share-email\"><a rel=\"nofollow noopener noreferrer\" data-shared=\"\" class=\"share-email sd-button share-icon no-text\" href=\"mailto:?subject=%5BArticle%20partag%C3%A9%5D%20Nouvelle%20collection%20Chemise%20top%20bleue&body=https%3A%2F%2Fniceafrica.eu%2Findex.php%2Fproduit%2Fnouvelle-collection-chemise-top-bleue%2F&share=email\" target=\"_blank\" title=\"Cliquer pour envoyer un lien par e-mail \u00e0 un ami\" data-email-share-error-title=\"Votre messagerie est-elle configur\u00e9e\u00a0?\" data-email-share-error-text=\"Si vous rencontrez des probl\u00e8mes de partage par e-mail, votre messagerie n\u2019est peut-\u00eatre pas configur\u00e9e pour votre navigateur. Vous devrez peut-\u00eatre cr\u00e9er vous-m\u00eame une nouvelle messagerie.\" data-email-share-nonce=\"cbc4750053\" data-email-share-track-url=\"https:\/\/niceafrica.eu\/index.php\/produit\/nouvelle-collection-chemise-top-bleue\/?share=email\"><span><\/span><span class=\"sharing-screen-reader-text\">Cliquer pour envoyer un lien par e-mail \u00e0 un ami(ouvre dans une nouvelle fen\u00eatre)<\/span><\/a><\/li><li class=\"share-pinterest\"><a rel=\"nofollow noopener noreferrer\" data-shared=\"sharing-pinterest-884\" class=\"share-pinterest sd-button share-icon no-text\" href=\"https:\/\/niceafrica.eu\/index.php\/produit\/nouvelle-collection-chemise-top-bleue\/?share=pinterest\" target=\"_blank\" title=\"Cliquez pour partager sur Pinterest\" ><span><\/span><span class=\"sharing-screen-reader-text\">Cliquez pour partager sur Pinterest(ouvre dans une nouvelle fen\u00eatre)<\/span><\/a><\/li><li class=\"share-end\"><\/li><\/ul><\/div><\/div><\/div>","protected":false},"excerpt":{"rendered":"<p>Soyez super Mode et Cool dans cette chemise-tp confortable en Faso Danfani, le Coton traditionnel du Burkina Faso. &hellip; <a href=\"https:\/\/niceafrica.eu\/index.php\/produit\/nouvelle-collection-chemise-top-bleue\/\" class=\"more-link\"><span class=\"more-button\">Plus de d\u00e9tails<span class=\"screen-reader-text\">Nouvelle collection Chemise top bleue<\/span><\/span><\/a><\/p>\n<div class=\"sharedaddy sd-sharing-enabled\"><div class=\"robots-nocontent sd-block sd-social sd-social-icon sd-sharing\"><h3 class=\"sd-title\">Partager\u00a0:<\/h3><div class=\"sd-content\"><ul><li class=\"share-twitter\"><a rel=\"nofollow noopener noreferrer\" data-shared=\"sharing-twitter-884\" class=\"share-twitter sd-button share-icon no-text\" href=\"https:\/\/niceafrica.eu\/index.php\/produit\/nouvelle-collection-chemise-top-bleue\/?share=twitter\" target=\"_blank\" title=\"Cliquez pour partager sur Twitter\" ><span><\/span><span class=\"sharing-screen-reader-text\">Cliquez pour partager sur Twitter(ouvre dans une nouvelle fen\u00eatre)<\/span><\/a><\/li><li class=\"share-facebook\"><a rel=\"nofollow noopener noreferrer\" data-shared=\"sharing-facebook-884\" class=\"share-facebook sd-button share-icon no-text\" href=\"https:\/\/niceafrica.eu\/index.php\/produit\/nouvelle-collection-chemise-top-bleue\/?share=facebook\" target=\"_blank\" title=\"Cliquez pour partager sur Facebook\" ><span><\/span><span class=\"sharing-screen-reader-text\">Cliquez pour partager sur Facebook(ouvre dans une nouvelle fen\u00eatre)<\/span><\/a><\/li><li class=\"share-jetpack-whatsapp\"><a rel=\"nofollow noopener noreferrer\" data-shared=\"\" class=\"share-jetpack-whatsapp sd-button share-icon no-text\" href=\"https:\/\/niceafrica.eu\/index.php\/produit\/nouvelle-collection-chemise-top-bleue\/?share=jetpack-whatsapp\" target=\"_blank\" title=\"Cliquez pour partager sur WhatsApp\" ><span><\/span><span class=\"sharing-screen-reader-text\">Cliquez pour partager sur WhatsApp(ouvre dans une nouvelle fen\u00eatre)<\/span><\/a><\/li><li class=\"share-linkedin\"><a rel=\"nofollow noopener noreferrer\" data-shared=\"sharing-linkedin-884\" class=\"share-linkedin sd-button share-icon no-text\" href=\"https:\/\/niceafrica.eu\/index.php\/produit\/nouvelle-collection-chemise-top-bleue\/?share=linkedin\" target=\"_blank\" title=\"Cliquez pour partager sur LinkedIn\" ><span><\/span><span class=\"sharing-screen-reader-text\">Cliquez pour partager sur LinkedIn(ouvre dans une nouvelle fen\u00eatre)<\/span><\/a><\/li><li class=\"share-email\"><a rel=\"nofollow noopener noreferrer\" data-shared=\"\" class=\"share-email sd-button share-icon no-text\" href=\"mailto:?subject=%5BArticle%20partag%C3%A9%5D%20Nouvelle%20collection%20Chemise%20top%20bleue&body=https%3A%2F%2Fniceafrica.eu%2Findex.php%2Fproduit%2Fnouvelle-collection-chemise-top-bleue%2F&share=email\" target=\"_blank\" title=\"Cliquer pour envoyer un lien par e-mail \u00e0 un ami\" data-email-share-error-title=\"Votre messagerie est-elle configur\u00e9e\u00a0?\" data-email-share-error-text=\"Si vous rencontrez des probl\u00e8mes de partage par e-mail, votre messagerie n\u2019est peut-\u00eatre pas configur\u00e9e pour votre navigateur. Vous devrez peut-\u00eatre cr\u00e9er vous-m\u00eame une nouvelle messagerie.\" data-email-share-nonce=\"cbc4750053\" data-email-share-track-url=\"https:\/\/niceafrica.eu\/index.php\/produit\/nouvelle-collection-chemise-top-bleue\/?share=email\"><span><\/span><span class=\"sharing-screen-reader-text\">Cliquer pour envoyer un lien par e-mail \u00e0 un ami(ouvre dans une nouvelle fen\u00eatre)<\/span><\/a><\/li><li class=\"share-pinterest\"><a rel=\"nofollow noopener noreferrer\" data-shared=\"sharing-pinterest-884\" class=\"share-pinterest sd-button share-icon no-text\" href=\"https:\/\/niceafrica.eu\/index.php\/produit\/nouvelle-collection-chemise-top-bleue\/?share=pinterest\" target=\"_blank\" title=\"Cliquez pour partager sur Pinterest\" ><span><\/span><span class=\"sharing-screen-reader-text\">Cliquez pour partager sur Pinterest(ouvre dans une nouvelle fen\u00eatre)<\/span><\/a><\/li><li class=\"share-end\"><\/li><\/ul><\/div><\/div><\/div>","protected":false},"featured_media":885,"comment_status":"open","ping_status":"closed","template":"","meta":{"jetpack_publicize_message":"","jetpack_is_tweetstorm":false,"jetpack_publicize_feature_enabled":true},"product_cat":[23],"product_tag":[],"jetpack_publicize_connections":[],"jetpack_sharing_enabled":true,"jetpack-related-posts":[{"id":889,"url":"https:\/\/niceafrica.eu\/index.php\/produit\/nouvelle-collection-chemise-top-blanche-ecru\/","url_meta":{"origin":884,"position":0},"title":"Nouvelle Collection. Chemise top Blanche \u00e9cru","date":"31 juillet 2022","format":false,"excerpt":"El\u00e9gance et comfort, ce top en Faso Danfani, le Coton mode du Burkina Faso","rel":"","context":"Article similaire","img":{"alt_text":"","src":"https:\/\/i0.wp.com\/niceafrica.eu\/wp-content\/uploads\/2022\/07\/veste-top-blanc-ecru-lignee.jpg?fit=513%2C548&ssl=1&resize=350%2C200","width":350,"height":200},"classes":[]},{"id":890,"url":"https:\/\/niceafrica.eu\/index.php\/produit\/nouvelle-collection-chemise-top-bleu-lignee\/","url_meta":{"origin":884,"position":1},"title":"Nouvelle Collection Chemise top bleu lign\u00e9e","date":"31 juillet 2022","format":false,"excerpt":"Se promener en \u00e9l\u00e9gance avec cette confortable chemise en Faso Danfani, le c\u00e9l\u00e8bre coton burkinab\u00e8.","rel":"","context":"Article similaire","img":{"alt_text":"","src":"https:\/\/i0.wp.com\/niceafrica.eu\/wp-content\/uploads\/2022\/07\/Veste-top-bleue-ecrue.jpg?fit=793%2C984&ssl=1&resize=350%2C200","width":350,"height":200},"classes":[]},{"id":1168,"url":"https:\/\/niceafrica.eu\/index.php\/produit\/a0999-tunique-faso-danfani\/","url_meta":{"origin":884,"position":2},"title":"(A0999) Tunique Faso Danfani","date":"10 septembre 2023","format":false,"excerpt":"Le coton du Burkina Faso traditionnel, s\u00e9ant et agr\u00e9able \u00e0 porter en toutes circonstances.","rel":"","context":"Article similaire","img":{"alt_text":"","src":"https:\/\/i0.wp.com\/niceafrica.eu\/wp-content\/uploads\/2023\/09\/thumbnail_IMG_7009.jpg?fit=604%2C893&ssl=1&resize=350%2C200","width":350,"height":200},"classes":[]},{"id":849,"url":"https:\/\/niceafrica.eu\/index.php\/produit\/nouvelle-collection-2\/","url_meta":{"origin":884,"position":3},"title":"Wave","date":"24 novembre 2021","format":false,"excerpt":"Vestes longues taille unique en Coton Faso Danfani.","rel":"","context":"Article similaire","img":{"alt_text":"","src":"https:\/\/i0.wp.com\/niceafrica.eu\/wp-content\/uploads\/2021\/11\/gris-1-scaled.jpg?fit=1200%2C800&ssl=1&resize=350%2C200","width":350,"height":200},"classes":[]},{"id":1014,"url":"https:\/\/niceafrica.eu\/index.php\/produit\/tissus\/","url_meta":{"origin":884,"position":4},"title":"(A1007) Tissus","date":"25 janvier 2023","format":false,"excerpt":"En Wax ou en Coton labell\u00e9 \"Faso Danfani\", les tissus burkinab\u00e9 sont magnifiques. Que ce soit pour des couvres table ou comme couvre lits et encore, les cr\u00e9ations sp\u00e9ciales de draps.","rel":"","context":"Article similaire","img":{"alt_text":"","src":"https:\/\/i0.wp.com\/niceafrica.eu\/wp-content\/uploads\/2023\/01\/IMG_23841-rotated.jpg?fit=900%2C1200&ssl=1&resize=350%2C200","width":350,"height":200},"classes":[]},{"id":879,"url":"https:\/\/niceafrica.eu\/index.php\/produit\/oiseau-du-desert\/","url_meta":{"origin":884,"position":5},"title":"Nouvelle Collection 2023 Oiseau du d\u00e9sert","date":"31 juillet 2022","format":false,"excerpt":"Robe mi-longue agr\u00e9able \u00e0 porter. Vous vous sentirez belle en toute circonstance dans ce mod\u00e8le exclusif. Coton soyeux et coton \u00e0 motifs. Taille unique. Origine: Burkina Faso.","rel":"","context":"Article similaire","img":{"alt_text":"","src":"https:\/\/i0.wp.com\/niceafrica.eu\/wp-content\/uploads\/2022\/07\/nouvelle-collection-2022-2f.jpg?fit=960%2C1200&ssl=1&resize=350%2C200","width":350,"height":200},"classes":[]}],"jetpack_likes_enabled":true,"_links":{"self":[{"href":"https:\/\/niceafrica.eu\/index.php\/wp-json\/wp\/v2\/product\/884"}],"collection":[{"href":"https:\/\/niceafrica.eu\/index.php\/wp-json\/wp\/v2\/product"}],"about":[{"href":"https:\/\/niceafrica.eu\/index.php\/wp-json\/wp\/v2\/types\/product"}],"replies":[{"embeddable":true,"href":"https:\/\/niceafrica.eu\/index.php\/wp-json\/wp\/v2\/comments?post=884"}],"wp:featuredmedia":[{"embeddable":true,"href":"https:\/\/niceafrica.eu\/index.php\/wp-json\/wp\/v2\/media\/885"}],"wp:attachment":[{"href":"https:\/\/niceafrica.eu\/index.php\/wp-json\/wp\/v2\/media?parent=884"}],"wp:term":[{"taxonomy":"product_cat","embeddable":true,"href":"https:\/\/niceafrica.eu\/index.php\/wp-json\/wp\/v2\/product_cat?post=884"},{"taxonomy":"product_tag","embeddable":true,"href":"https:\/\/niceafrica.eu\/index.php\/wp-json\/wp\/v2\/product_tag?post=884"}],"curies":[{"name":"wp","href":"https:\/\/api.w.org\/{rel}","templated":true}]}}