{"id":1108,"date":"2023-02-17T12:42:59","date_gmt":"2023-02-17T11:42:59","guid":{"rendered":"https:\/\/niceafrica.eu\/?post_type=product&#038;p=1108"},"modified":"2024-07-07T19:50:17","modified_gmt":"2024-07-07T17:50:17","slug":"air-robe-longue-magnifiques-motifs-aux-tons-verts","status":"publish","type":"product","link":"https:\/\/niceafrica.eu\/index.php\/produit\/air-robe-longue-magnifiques-motifs-aux-tons-verts\/","title":{"rendered":"(a1006) Robe longue, magnifiques motifs aux tons verts"},"content":{"rendered":"<p>Magnifique robe longue doubl\u00e9e disponible en diff\u00e9rents coloris: bleus, vert-ocre, vert. Beau d\u00e9collet\u00e9, hanches avec ouverture. Mod\u00e8le en exclusivit\u00e9 pour vous. Disponible en boutique taille S ou M ou sur mesure (d\u00e9lai 10 jours).<\/p>\n<p>Vous serez superbe aux c\u00e9r\u00e9monies de mariage ou \u00e0 votre soir\u00e9e.<\/p>\n<div class=\"sharedaddy sd-sharing-enabled\"><div class=\"robots-nocontent sd-block sd-social sd-social-icon sd-sharing\"><h3 class=\"sd-title\">Partager\u00a0:<\/h3><div class=\"sd-content\"><ul><li class=\"share-twitter\"><a rel=\"nofollow noopener noreferrer\" data-shared=\"sharing-twitter-1108\" class=\"share-twitter sd-button share-icon no-text\" href=\"https:\/\/niceafrica.eu\/index.php\/produit\/air-robe-longue-magnifiques-motifs-aux-tons-verts\/?share=twitter\" target=\"_blank\" title=\"Cliquez pour partager sur Twitter\" ><span><\/span><span class=\"sharing-screen-reader-text\">Cliquez pour partager sur Twitter(ouvre dans une nouvelle fen\u00eatre)<\/span><\/a><\/li><li class=\"share-facebook\"><a rel=\"nofollow noopener noreferrer\" data-shared=\"sharing-facebook-1108\" class=\"share-facebook sd-button share-icon no-text\" href=\"https:\/\/niceafrica.eu\/index.php\/produit\/air-robe-longue-magnifiques-motifs-aux-tons-verts\/?share=facebook\" target=\"_blank\" title=\"Cliquez pour partager sur Facebook\" ><span><\/span><span class=\"sharing-screen-reader-text\">Cliquez pour partager sur Facebook(ouvre dans une nouvelle fen\u00eatre)<\/span><\/a><\/li><li class=\"share-jetpack-whatsapp\"><a rel=\"nofollow noopener noreferrer\" data-shared=\"\" class=\"share-jetpack-whatsapp sd-button share-icon no-text\" href=\"https:\/\/niceafrica.eu\/index.php\/produit\/air-robe-longue-magnifiques-motifs-aux-tons-verts\/?share=jetpack-whatsapp\" target=\"_blank\" title=\"Cliquez pour partager sur WhatsApp\" ><span><\/span><span class=\"sharing-screen-reader-text\">Cliquez pour partager sur WhatsApp(ouvre dans une nouvelle fen\u00eatre)<\/span><\/a><\/li><li class=\"share-linkedin\"><a rel=\"nofollow noopener noreferrer\" data-shared=\"sharing-linkedin-1108\" class=\"share-linkedin sd-button share-icon no-text\" href=\"https:\/\/niceafrica.eu\/index.php\/produit\/air-robe-longue-magnifiques-motifs-aux-tons-verts\/?share=linkedin\" target=\"_blank\" title=\"Cliquez pour partager sur LinkedIn\" ><span><\/span><span class=\"sharing-screen-reader-text\">Cliquez pour partager sur LinkedIn(ouvre dans une nouvelle fen\u00eatre)<\/span><\/a><\/li><li class=\"share-email\"><a rel=\"nofollow noopener noreferrer\" data-shared=\"\" class=\"share-email sd-button share-icon no-text\" href=\"mailto:?subject=%5BArticle%20partag%C3%A9%5D%20%28a1006%29%20Robe%20longue%2C%20magnifiques%20motifs%20aux%20tons%20verts&body=https%3A%2F%2Fniceafrica.eu%2Findex.php%2Fproduit%2Fair-robe-longue-magnifiques-motifs-aux-tons-verts%2F&share=email\" target=\"_blank\" title=\"Cliquer pour envoyer un lien par e-mail \u00e0 un ami\" data-email-share-error-title=\"Votre messagerie est-elle configur\u00e9e\u00a0?\" data-email-share-error-text=\"Si vous rencontrez des probl\u00e8mes de partage par e-mail, votre messagerie n\u2019est peut-\u00eatre pas configur\u00e9e pour votre navigateur. Vous devrez peut-\u00eatre cr\u00e9er vous-m\u00eame une nouvelle messagerie.\" data-email-share-nonce=\"a8254938ef\" data-email-share-track-url=\"https:\/\/niceafrica.eu\/index.php\/produit\/air-robe-longue-magnifiques-motifs-aux-tons-verts\/?share=email\"><span><\/span><span class=\"sharing-screen-reader-text\">Cliquer pour envoyer un lien par e-mail \u00e0 un ami(ouvre dans une nouvelle fen\u00eatre)<\/span><\/a><\/li><li class=\"share-pinterest\"><a rel=\"nofollow noopener noreferrer\" data-shared=\"sharing-pinterest-1108\" class=\"share-pinterest sd-button share-icon no-text\" href=\"https:\/\/niceafrica.eu\/index.php\/produit\/air-robe-longue-magnifiques-motifs-aux-tons-verts\/?share=pinterest\" target=\"_blank\" title=\"Cliquez pour partager sur Pinterest\" ><span><\/span><span class=\"sharing-screen-reader-text\">Cliquez pour partager sur Pinterest(ouvre dans une nouvelle fen\u00eatre)<\/span><\/a><\/li><li class=\"share-end\"><\/li><\/ul><\/div><\/div><\/div>","protected":false},"excerpt":{"rendered":"<p>Magnifique robe longue doubl\u00e9e disponible en diff\u00e9rents coloris: bleus, vert-ocre, vert. Beau d\u00e9collet\u00e9, hanches avec ouverture. Mod\u00e8le en exclusivit\u00e9 pour vous. Disponible en boutique taille S ou M ou sur mesure (d\u00e9lai 10 jours). Vous serez superbe aux c\u00e9r\u00e9monies de mariage ou \u00e0 votre soir\u00e9e.<\/p>\n<div class=\"sharedaddy sd-sharing-enabled\"><div class=\"robots-nocontent sd-block sd-social sd-social-icon sd-sharing\"><h3 class=\"sd-title\">Partager\u00a0:<\/h3><div class=\"sd-content\"><ul><li class=\"share-twitter\"><a rel=\"nofollow noopener noreferrer\" data-shared=\"sharing-twitter-1108\" class=\"share-twitter sd-button share-icon no-text\" href=\"https:\/\/niceafrica.eu\/index.php\/produit\/air-robe-longue-magnifiques-motifs-aux-tons-verts\/?share=twitter\" target=\"_blank\" title=\"Cliquez pour partager sur Twitter\" ><span><\/span><span class=\"sharing-screen-reader-text\">Cliquez pour partager sur Twitter(ouvre dans une nouvelle fen\u00eatre)<\/span><\/a><\/li><li class=\"share-facebook\"><a rel=\"nofollow noopener noreferrer\" data-shared=\"sharing-facebook-1108\" class=\"share-facebook sd-button share-icon no-text\" href=\"https:\/\/niceafrica.eu\/index.php\/produit\/air-robe-longue-magnifiques-motifs-aux-tons-verts\/?share=facebook\" target=\"_blank\" title=\"Cliquez pour partager sur Facebook\" ><span><\/span><span class=\"sharing-screen-reader-text\">Cliquez pour partager sur Facebook(ouvre dans une nouvelle fen\u00eatre)<\/span><\/a><\/li><li class=\"share-jetpack-whatsapp\"><a rel=\"nofollow noopener noreferrer\" data-shared=\"\" class=\"share-jetpack-whatsapp sd-button share-icon no-text\" href=\"https:\/\/niceafrica.eu\/index.php\/produit\/air-robe-longue-magnifiques-motifs-aux-tons-verts\/?share=jetpack-whatsapp\" target=\"_blank\" title=\"Cliquez pour partager sur WhatsApp\" ><span><\/span><span class=\"sharing-screen-reader-text\">Cliquez pour partager sur WhatsApp(ouvre dans une nouvelle fen\u00eatre)<\/span><\/a><\/li><li class=\"share-linkedin\"><a rel=\"nofollow noopener noreferrer\" data-shared=\"sharing-linkedin-1108\" class=\"share-linkedin sd-button share-icon no-text\" href=\"https:\/\/niceafrica.eu\/index.php\/produit\/air-robe-longue-magnifiques-motifs-aux-tons-verts\/?share=linkedin\" target=\"_blank\" title=\"Cliquez pour partager sur LinkedIn\" ><span><\/span><span class=\"sharing-screen-reader-text\">Cliquez pour partager sur LinkedIn(ouvre dans une nouvelle fen\u00eatre)<\/span><\/a><\/li><li class=\"share-email\"><a rel=\"nofollow noopener noreferrer\" data-shared=\"\" class=\"share-email sd-button share-icon no-text\" href=\"mailto:?subject=%5BArticle%20partag%C3%A9%5D%20%28a1006%29%20Robe%20longue%2C%20magnifiques%20motifs%20aux%20tons%20verts&body=https%3A%2F%2Fniceafrica.eu%2Findex.php%2Fproduit%2Fair-robe-longue-magnifiques-motifs-aux-tons-verts%2F&share=email\" target=\"_blank\" title=\"Cliquer pour envoyer un lien par e-mail \u00e0 un ami\" data-email-share-error-title=\"Votre messagerie est-elle configur\u00e9e\u00a0?\" data-email-share-error-text=\"Si vous rencontrez des probl\u00e8mes de partage par e-mail, votre messagerie n\u2019est peut-\u00eatre pas configur\u00e9e pour votre navigateur. Vous devrez peut-\u00eatre cr\u00e9er vous-m\u00eame une nouvelle messagerie.\" data-email-share-nonce=\"a8254938ef\" data-email-share-track-url=\"https:\/\/niceafrica.eu\/index.php\/produit\/air-robe-longue-magnifiques-motifs-aux-tons-verts\/?share=email\"><span><\/span><span class=\"sharing-screen-reader-text\">Cliquer pour envoyer un lien par e-mail \u00e0 un ami(ouvre dans une nouvelle fen\u00eatre)<\/span><\/a><\/li><li class=\"share-pinterest\"><a rel=\"nofollow noopener noreferrer\" data-shared=\"sharing-pinterest-1108\" class=\"share-pinterest sd-button share-icon no-text\" href=\"https:\/\/niceafrica.eu\/index.php\/produit\/air-robe-longue-magnifiques-motifs-aux-tons-verts\/?share=pinterest\" target=\"_blank\" title=\"Cliquez pour partager sur Pinterest\" ><span><\/span><span class=\"sharing-screen-reader-text\">Cliquez pour partager sur Pinterest(ouvre dans une nouvelle fen\u00eatre)<\/span><\/a><\/li><li class=\"share-end\"><\/li><\/ul><\/div><\/div><\/div>","protected":false},"featured_media":1109,"comment_status":"open","ping_status":"closed","template":"","meta":{"jetpack_publicize_message":"","jetpack_is_tweetstorm":false,"jetpack_publicize_feature_enabled":true},"product_cat":[18],"product_tag":[],"jetpack_publicize_connections":[],"jetpack_sharing_enabled":true,"jetpack-related-posts":[{"id":892,"url":"https:\/\/niceafrica.eu\/index.php\/produit\/nouvelle-collection-2023-jupe-batic\/","url_meta":{"origin":1108,"position":0},"title":"Nouvelle Collection 2023 Jupe Batic","date":"31 juillet 2022","format":false,"excerpt":"Magnifique jupe longue et ample de couleurs sables rouges et ocres chamois\u00e9es en cotonn souple. Origine: Burkina Faso","rel":"","context":"Article similaire","img":{"alt_text":"","src":"https:\/\/i0.wp.com\/niceafrica.eu\/wp-content\/uploads\/2022\/07\/nouvelle-collection-2022-4f.jpg?fit=960%2C1200&ssl=1&resize=350%2C200","width":350,"height":200},"classes":[]},{"id":1169,"url":"https:\/\/niceafrica.eu\/index.php\/produit\/a1001-robe-singsong\/","url_meta":{"origin":1108,"position":1},"title":"(A1001) Robe Singsong","date":"10 septembre 2023","format":false,"excerpt":"Magnifique robe joyeuse qui mettra de bonne humeur toute la journ\u00e9e. magnifiques motifs. 100% coton. taille S, M, L","rel":"","context":"Article similaire","img":{"alt_text":"","src":"https:\/\/i0.wp.com\/niceafrica.eu\/wp-content\/uploads\/2023\/09\/thumbnail_IMG_7013.jpg?fit=723%2C738&ssl=1&resize=350%2C200","width":350,"height":200},"classes":[]},{"id":879,"url":"https:\/\/niceafrica.eu\/index.php\/produit\/oiseau-du-desert\/","url_meta":{"origin":1108,"position":2},"title":"Nouvelle Collection 2023 Oiseau du d\u00e9sert","date":"31 juillet 2022","format":false,"excerpt":"Robe mi-longue agr\u00e9able \u00e0 porter. Vous vous sentirez belle en toute circonstance dans ce mod\u00e8le exclusif. Coton soyeux et coton \u00e0 motifs. Taille unique. Origine: Burkina Faso.","rel":"","context":"Article similaire","img":{"alt_text":"","src":"https:\/\/i0.wp.com\/niceafrica.eu\/wp-content\/uploads\/2022\/07\/nouvelle-collection-2022-2f.jpg?fit=960%2C1200&ssl=1&resize=350%2C200","width":350,"height":200},"classes":[]},{"id":1256,"url":"https:\/\/niceafrica.eu\/index.php\/produit\/a998-robe-bluesband\/","url_meta":{"origin":1108,"position":3},"title":"-(A998) Robe Bluesband","date":"2 janvier 2025","format":false,"excerpt":"Robe longue doubl\u00e9e coton. \u00c9paules nues encolure. Grande \u00e9l\u00e9gance. Couleurs et motifs classe. Taille S et M","rel":"","context":"Article similaire","img":{"alt_text":"","src":"https:\/\/i0.wp.com\/niceafrica.eu\/wp-content\/uploads\/2025\/01\/DSC_0449-scaled.jpg?fit=795%2C1200&ssl=1&resize=350%2C200","width":350,"height":200},"classes":[]},{"id":1257,"url":"https:\/\/niceafrica.eu\/index.php\/produit\/a993-haute-creation-quadrillage\/","url_meta":{"origin":1108,"position":4},"title":"-(A993) Haute cr\u00e9ation &#8216;Quadrillage&#8217;","date":"2 janvier 2025","format":false,"excerpt":"Robe longe doubl\u00e9e coton noir en quadrillage de tissu. Haute cr\u00e9ation exclusive. Finition extraordinaire, manches \u00e9vas\u00e9es. Structure \u00e9vas\u00e9e vers le bas. Pi\u00e8ces \u00e0 chaque fois uniques. Diff\u00e9rentes variantes et coloris.","rel":"","context":"Article similaire","img":{"alt_text":"","src":"https:\/\/i0.wp.com\/niceafrica.eu\/wp-content\/uploads\/2025\/01\/Clipboard01.jpg?fit=530%2C1200&ssl=1&resize=350%2C200","width":350,"height":200},"classes":[]},{"id":1136,"url":"https:\/\/niceafrica.eu\/index.php\/produit\/a1003-jupe-longue-indigo-elegance\/","url_meta":{"origin":1108,"position":5},"title":"(A1003) Jupe longue indigo \u00e9l\u00e9gance","date":"30 mars 2023","format":false,"excerpt":"Longue jupe en coton imprim\u00e9 de grands motifs floraux. Taille unique","rel":"","context":"Article similaire","img":{"alt_text":"","src":"https:\/\/i0.wp.com\/niceafrica.eu\/wp-content\/uploads\/2023\/03\/Niceafrica-nouvelle-collection-2022-jupe-longue-motifs-fleuri.jpg?fit=534%2C1200&ssl=1&resize=350%2C200","width":350,"height":200},"classes":[]}],"jetpack_likes_enabled":true,"_links":{"self":[{"href":"https:\/\/niceafrica.eu\/index.php\/wp-json\/wp\/v2\/product\/1108"}],"collection":[{"href":"https:\/\/niceafrica.eu\/index.php\/wp-json\/wp\/v2\/product"}],"about":[{"href":"https:\/\/niceafrica.eu\/index.php\/wp-json\/wp\/v2\/types\/product"}],"replies":[{"embeddable":true,"href":"https:\/\/niceafrica.eu\/index.php\/wp-json\/wp\/v2\/comments?post=1108"}],"wp:featuredmedia":[{"embeddable":true,"href":"https:\/\/niceafrica.eu\/index.php\/wp-json\/wp\/v2\/media\/1109"}],"wp:attachment":[{"href":"https:\/\/niceafrica.eu\/index.php\/wp-json\/wp\/v2\/media?parent=1108"}],"wp:term":[{"taxonomy":"product_cat","embeddable":true,"href":"https:\/\/niceafrica.eu\/index.php\/wp-json\/wp\/v2\/product_cat?post=1108"},{"taxonomy":"product_tag","embeddable":true,"href":"https:\/\/niceafrica.eu\/index.php\/wp-json\/wp\/v2\/product_tag?post=1108"}],"curies":[{"name":"wp","href":"https:\/\/api.w.org\/{rel}","templated":true}]}}