{"id":1049,"date":"2023-02-05T16:21:33","date_gmt":"2023-02-05T15:21:33","guid":{"rendered":"https:\/\/niceafrica.eu\/?post_type=product&#038;p=1049"},"modified":"2025-04-13T00:48:16","modified_gmt":"2025-04-12T22:48:16","slug":"collier-cuir-et-pierre","status":"publish","type":"product","link":"https:\/\/niceafrica.eu\/index.php\/produit\/collier-cuir-et-pierre\/","title":{"rendered":"Collier cuir et pierre"},"content":{"rendered":"<p>Magnifique collier serre-cou cuir et pierre<\/p>\n<div class=\"sharedaddy sd-sharing-enabled\"><div class=\"robots-nocontent sd-block sd-social sd-social-icon sd-sharing\"><h3 class=\"sd-title\">Partager\u00a0:<\/h3><div class=\"sd-content\"><ul><li class=\"share-twitter\"><a rel=\"nofollow noopener noreferrer\" data-shared=\"sharing-twitter-1049\" class=\"share-twitter sd-button share-icon no-text\" href=\"https:\/\/niceafrica.eu\/index.php\/produit\/collier-cuir-et-pierre\/?share=twitter\" target=\"_blank\" title=\"Cliquez pour partager sur Twitter\" ><span><\/span><span class=\"sharing-screen-reader-text\">Cliquez pour partager sur Twitter(ouvre dans une nouvelle fen\u00eatre)<\/span><\/a><\/li><li class=\"share-facebook\"><a rel=\"nofollow noopener noreferrer\" data-shared=\"sharing-facebook-1049\" class=\"share-facebook sd-button share-icon no-text\" href=\"https:\/\/niceafrica.eu\/index.php\/produit\/collier-cuir-et-pierre\/?share=facebook\" target=\"_blank\" title=\"Cliquez pour partager sur Facebook\" ><span><\/span><span class=\"sharing-screen-reader-text\">Cliquez pour partager sur Facebook(ouvre dans une nouvelle fen\u00eatre)<\/span><\/a><\/li><li class=\"share-jetpack-whatsapp\"><a rel=\"nofollow noopener noreferrer\" data-shared=\"\" class=\"share-jetpack-whatsapp sd-button share-icon no-text\" href=\"https:\/\/niceafrica.eu\/index.php\/produit\/collier-cuir-et-pierre\/?share=jetpack-whatsapp\" target=\"_blank\" title=\"Cliquez pour partager sur WhatsApp\" ><span><\/span><span class=\"sharing-screen-reader-text\">Cliquez pour partager sur WhatsApp(ouvre dans une nouvelle fen\u00eatre)<\/span><\/a><\/li><li class=\"share-linkedin\"><a rel=\"nofollow noopener noreferrer\" data-shared=\"sharing-linkedin-1049\" class=\"share-linkedin sd-button share-icon no-text\" href=\"https:\/\/niceafrica.eu\/index.php\/produit\/collier-cuir-et-pierre\/?share=linkedin\" target=\"_blank\" title=\"Cliquez pour partager sur LinkedIn\" ><span><\/span><span class=\"sharing-screen-reader-text\">Cliquez pour partager sur LinkedIn(ouvre dans une nouvelle fen\u00eatre)<\/span><\/a><\/li><li class=\"share-email\"><a rel=\"nofollow noopener noreferrer\" data-shared=\"\" class=\"share-email sd-button share-icon no-text\" href=\"mailto:?subject=%5BArticle%20partag%C3%A9%5D%20Collier%20cuir%20et%20pierre&body=https%3A%2F%2Fniceafrica.eu%2Findex.php%2Fproduit%2Fcollier-cuir-et-pierre%2F&share=email\" target=\"_blank\" title=\"Cliquer pour envoyer un lien par e-mail \u00e0 un ami\" data-email-share-error-title=\"Votre messagerie est-elle configur\u00e9e\u00a0?\" data-email-share-error-text=\"Si vous rencontrez des probl\u00e8mes de partage par e-mail, votre messagerie n\u2019est peut-\u00eatre pas configur\u00e9e pour votre navigateur. Vous devrez peut-\u00eatre cr\u00e9er vous-m\u00eame une nouvelle messagerie.\" data-email-share-nonce=\"1fa7aad9aa\" data-email-share-track-url=\"https:\/\/niceafrica.eu\/index.php\/produit\/collier-cuir-et-pierre\/?share=email\"><span><\/span><span class=\"sharing-screen-reader-text\">Cliquer pour envoyer un lien par e-mail \u00e0 un ami(ouvre dans une nouvelle fen\u00eatre)<\/span><\/a><\/li><li class=\"share-pinterest\"><a rel=\"nofollow noopener noreferrer\" data-shared=\"sharing-pinterest-1049\" class=\"share-pinterest sd-button share-icon no-text\" href=\"https:\/\/niceafrica.eu\/index.php\/produit\/collier-cuir-et-pierre\/?share=pinterest\" target=\"_blank\" title=\"Cliquez pour partager sur Pinterest\" ><span><\/span><span class=\"sharing-screen-reader-text\">Cliquez pour partager sur Pinterest(ouvre dans une nouvelle fen\u00eatre)<\/span><\/a><\/li><li class=\"share-end\"><\/li><\/ul><\/div><\/div><\/div>","protected":false},"excerpt":{"rendered":"<p>Magnifique collier serre-cou cuir et pierre<\/p>\n<div class=\"sharedaddy sd-sharing-enabled\"><div class=\"robots-nocontent sd-block sd-social sd-social-icon sd-sharing\"><h3 class=\"sd-title\">Partager\u00a0:<\/h3><div class=\"sd-content\"><ul><li class=\"share-twitter\"><a rel=\"nofollow noopener noreferrer\" data-shared=\"sharing-twitter-1049\" class=\"share-twitter sd-button share-icon no-text\" href=\"https:\/\/niceafrica.eu\/index.php\/produit\/collier-cuir-et-pierre\/?share=twitter\" target=\"_blank\" title=\"Cliquez pour partager sur Twitter\" ><span><\/span><span class=\"sharing-screen-reader-text\">Cliquez pour partager sur Twitter(ouvre dans une nouvelle fen\u00eatre)<\/span><\/a><\/li><li class=\"share-facebook\"><a rel=\"nofollow noopener noreferrer\" data-shared=\"sharing-facebook-1049\" class=\"share-facebook sd-button share-icon no-text\" href=\"https:\/\/niceafrica.eu\/index.php\/produit\/collier-cuir-et-pierre\/?share=facebook\" target=\"_blank\" title=\"Cliquez pour partager sur Facebook\" ><span><\/span><span class=\"sharing-screen-reader-text\">Cliquez pour partager sur Facebook(ouvre dans une nouvelle fen\u00eatre)<\/span><\/a><\/li><li class=\"share-jetpack-whatsapp\"><a rel=\"nofollow noopener noreferrer\" data-shared=\"\" class=\"share-jetpack-whatsapp sd-button share-icon no-text\" href=\"https:\/\/niceafrica.eu\/index.php\/produit\/collier-cuir-et-pierre\/?share=jetpack-whatsapp\" target=\"_blank\" title=\"Cliquez pour partager sur WhatsApp\" ><span><\/span><span class=\"sharing-screen-reader-text\">Cliquez pour partager sur WhatsApp(ouvre dans une nouvelle fen\u00eatre)<\/span><\/a><\/li><li class=\"share-linkedin\"><a rel=\"nofollow noopener noreferrer\" data-shared=\"sharing-linkedin-1049\" class=\"share-linkedin sd-button share-icon no-text\" href=\"https:\/\/niceafrica.eu\/index.php\/produit\/collier-cuir-et-pierre\/?share=linkedin\" target=\"_blank\" title=\"Cliquez pour partager sur LinkedIn\" ><span><\/span><span class=\"sharing-screen-reader-text\">Cliquez pour partager sur LinkedIn(ouvre dans une nouvelle fen\u00eatre)<\/span><\/a><\/li><li class=\"share-email\"><a rel=\"nofollow noopener noreferrer\" data-shared=\"\" class=\"share-email sd-button share-icon no-text\" href=\"mailto:?subject=%5BArticle%20partag%C3%A9%5D%20Collier%20cuir%20et%20pierre&body=https%3A%2F%2Fniceafrica.eu%2Findex.php%2Fproduit%2Fcollier-cuir-et-pierre%2F&share=email\" target=\"_blank\" title=\"Cliquer pour envoyer un lien par e-mail \u00e0 un ami\" data-email-share-error-title=\"Votre messagerie est-elle configur\u00e9e\u00a0?\" data-email-share-error-text=\"Si vous rencontrez des probl\u00e8mes de partage par e-mail, votre messagerie n\u2019est peut-\u00eatre pas configur\u00e9e pour votre navigateur. Vous devrez peut-\u00eatre cr\u00e9er vous-m\u00eame une nouvelle messagerie.\" data-email-share-nonce=\"1fa7aad9aa\" data-email-share-track-url=\"https:\/\/niceafrica.eu\/index.php\/produit\/collier-cuir-et-pierre\/?share=email\"><span><\/span><span class=\"sharing-screen-reader-text\">Cliquer pour envoyer un lien par e-mail \u00e0 un ami(ouvre dans une nouvelle fen\u00eatre)<\/span><\/a><\/li><li class=\"share-pinterest\"><a rel=\"nofollow noopener noreferrer\" data-shared=\"sharing-pinterest-1049\" class=\"share-pinterest sd-button share-icon no-text\" href=\"https:\/\/niceafrica.eu\/index.php\/produit\/collier-cuir-et-pierre\/?share=pinterest\" target=\"_blank\" title=\"Cliquez pour partager sur Pinterest\" ><span><\/span><span class=\"sharing-screen-reader-text\">Cliquez pour partager sur Pinterest(ouvre dans une nouvelle fen\u00eatre)<\/span><\/a><\/li><li class=\"share-end\"><\/li><\/ul><\/div><\/div><\/div>","protected":false},"featured_media":1057,"comment_status":"open","ping_status":"closed","template":"","meta":{"jetpack_publicize_message":"","jetpack_is_tweetstorm":false,"jetpack_publicize_feature_enabled":true},"product_cat":[26],"product_tag":[],"jetpack_publicize_connections":[],"jetpack_sharing_enabled":true,"jetpack-related-posts":[{"id":1089,"url":"https:\/\/niceafrica.eu\/index.php\/produit\/collier-cuir-pierre-et-cuivre\/","url_meta":{"origin":1049,"position":0},"title":"Collier cuir, pierre et cuivre","date":"5 f\u00e9vrier 2023","format":false,"excerpt":"Collier serre-cou cuir, pierre et cuivre avec motifs","rel":"","context":"Article similaire","img":{"alt_text":"","src":"https:\/\/i0.wp.com\/niceafrica.eu\/wp-content\/uploads\/2023\/02\/IMG_5109-scaled.jpg?fit=900%2C1200&ssl=1&resize=350%2C200","width":350,"height":200},"classes":[]},{"id":1095,"url":"https:\/\/niceafrica.eu\/index.php\/produit\/collier-cuir-corne-cuivre-et-pierre\/","url_meta":{"origin":1049,"position":1},"title":"Collier cuir, corne cuivre et pierre","date":"5 f\u00e9vrier 2023","format":false,"excerpt":"Superbe collier cr\u00e9ation originale avec combinaison de mati\u00e8res. Chaque pi\u00e8ce est unique.","rel":"","context":"Article similaire","img":{"alt_text":"","src":"https:\/\/i0.wp.com\/niceafrica.eu\/wp-content\/uploads\/2023\/02\/IMG_5105-scaled.jpg?fit=900%2C1200&ssl=1&resize=350%2C200","width":350,"height":200},"classes":[]},{"id":1091,"url":"https:\/\/niceafrica.eu\/index.php\/produit\/collier-serre-pierres-et-couleurs\/","url_meta":{"origin":1049,"position":2},"title":"Collier serr\u00e9 pierres et couleurs","date":"5 f\u00e9vrier 2023","format":false,"excerpt":"Collier serti de grosses pierres multicolores. Pi\u00e8ce unique.","rel":"","context":"Article similaire","img":{"alt_text":"","src":"https:\/\/i0.wp.com\/niceafrica.eu\/wp-content\/uploads\/2023\/02\/IMG_5118-scaled.jpg?fit=900%2C1200&ssl=1&resize=350%2C200","width":350,"height":200},"classes":[]},{"id":1043,"url":"https:\/\/niceafrica.eu\/index.php\/produit\/collier-cuir-et-bronze\/","url_meta":{"origin":1049,"position":3},"title":"Collier cuir et bronze","date":"3 f\u00e9vrier 2023","format":false,"excerpt":"Artisanat du Burkina Faso. Colliers cuir, motifs bronze. Pi\u00e8ce unique.","rel":"","context":"Article similaire","img":{"alt_text":"","src":"https:\/\/i0.wp.com\/niceafrica.eu\/wp-content\/uploads\/2023\/02\/IMG_5100-1-scaled.jpg?fit=900%2C1200&ssl=1&resize=350%2C200","width":350,"height":200},"classes":[]},{"id":1042,"url":"https:\/\/niceafrica.eu\/index.php\/produit\/collier-pierres\/","url_meta":{"origin":1049,"position":4},"title":"Collier pierres","date":"3 f\u00e9vrier 2023","format":false,"excerpt":"Artisanat du Burkina Faso. Cr\u00e9ation exclusive du collier de pierres d'origine. Pi\u00e8ce unique.","rel":"","context":"Article similaire","img":{"alt_text":"","src":"https:\/\/i0.wp.com\/niceafrica.eu\/wp-content\/uploads\/2023\/02\/IMG_5142-1-scaled.jpg?fit=900%2C1200&ssl=1&resize=350%2C200","width":350,"height":200},"classes":[]},{"id":1092,"url":"https:\/\/niceafrica.eu\/index.php\/produit\/collier-cuivre-et-pierre-polie\/","url_meta":{"origin":1049,"position":5},"title":"Collier cuivre et pierre polie","date":"5 f\u00e9vrier 2023","format":false,"excerpt":"Collier civre avec pierre, diff\u00e9rentes variantes. Chaque pi\u00e8ce est unique.","rel":"","context":"Article similaire","img":{"alt_text":"","src":"https:\/\/i0.wp.com\/niceafrica.eu\/wp-content\/uploads\/2023\/02\/IMG_5113-scaled.jpg?fit=900%2C1200&ssl=1&resize=350%2C200","width":350,"height":200},"classes":[]}],"jetpack_likes_enabled":true,"_links":{"self":[{"href":"https:\/\/niceafrica.eu\/index.php\/wp-json\/wp\/v2\/product\/1049"}],"collection":[{"href":"https:\/\/niceafrica.eu\/index.php\/wp-json\/wp\/v2\/product"}],"about":[{"href":"https:\/\/niceafrica.eu\/index.php\/wp-json\/wp\/v2\/types\/product"}],"replies":[{"embeddable":true,"href":"https:\/\/niceafrica.eu\/index.php\/wp-json\/wp\/v2\/comments?post=1049"}],"wp:featuredmedia":[{"embeddable":true,"href":"https:\/\/niceafrica.eu\/index.php\/wp-json\/wp\/v2\/media\/1057"}],"wp:attachment":[{"href":"https:\/\/niceafrica.eu\/index.php\/wp-json\/wp\/v2\/media?parent=1049"}],"wp:term":[{"taxonomy":"product_cat","embeddable":true,"href":"https:\/\/niceafrica.eu\/index.php\/wp-json\/wp\/v2\/product_cat?post=1049"},{"taxonomy":"product_tag","embeddable":true,"href":"https:\/\/niceafrica.eu\/index.php\/wp-json\/wp\/v2\/product_tag?post=1049"}],"curies":[{"name":"wp","href":"https:\/\/api.w.org\/{rel}","templated":true}]}}