{"id":1020,"date":"2023-01-25T14:29:30","date_gmt":"2023-01-25T13:29:30","guid":{"rendered":"https:\/\/niceafrica.eu\/?post_type=product&#038;p=1020"},"modified":"2025-05-29T20:17:31","modified_gmt":"2025-05-29T18:17:31","slug":"couettes-et-draps-de-lit","status":"publish","type":"product","link":"https:\/\/niceafrica.eu\/index.php\/produit\/couettes-et-draps-de-lit\/","title":{"rendered":"(A1005) Couettes et draps de lit niceafrica"},"content":{"rendered":"<p>\u00c9gayez votre chambre avec de superbes couettes et draps de lit aux motifs africains.<\/p>\n<div class=\"sharedaddy sd-sharing-enabled\"><div class=\"robots-nocontent sd-block sd-social sd-social-icon sd-sharing\"><h3 class=\"sd-title\">Partager\u00a0:<\/h3><div class=\"sd-content\"><ul><li class=\"share-twitter\"><a rel=\"nofollow noopener noreferrer\" data-shared=\"sharing-twitter-1020\" class=\"share-twitter sd-button share-icon no-text\" href=\"https:\/\/niceafrica.eu\/index.php\/produit\/couettes-et-draps-de-lit\/?share=twitter\" target=\"_blank\" title=\"Cliquez pour partager sur Twitter\" ><span><\/span><span class=\"sharing-screen-reader-text\">Cliquez pour partager sur Twitter(ouvre dans une nouvelle fen\u00eatre)<\/span><\/a><\/li><li class=\"share-facebook\"><a rel=\"nofollow noopener noreferrer\" data-shared=\"sharing-facebook-1020\" class=\"share-facebook sd-button share-icon no-text\" href=\"https:\/\/niceafrica.eu\/index.php\/produit\/couettes-et-draps-de-lit\/?share=facebook\" target=\"_blank\" title=\"Cliquez pour partager sur Facebook\" ><span><\/span><span class=\"sharing-screen-reader-text\">Cliquez pour partager sur Facebook(ouvre dans une nouvelle fen\u00eatre)<\/span><\/a><\/li><li class=\"share-jetpack-whatsapp\"><a rel=\"nofollow noopener noreferrer\" data-shared=\"\" class=\"share-jetpack-whatsapp sd-button share-icon no-text\" href=\"https:\/\/niceafrica.eu\/index.php\/produit\/couettes-et-draps-de-lit\/?share=jetpack-whatsapp\" target=\"_blank\" title=\"Cliquez pour partager sur WhatsApp\" ><span><\/span><span class=\"sharing-screen-reader-text\">Cliquez pour partager sur WhatsApp(ouvre dans une nouvelle fen\u00eatre)<\/span><\/a><\/li><li class=\"share-linkedin\"><a rel=\"nofollow noopener noreferrer\" data-shared=\"sharing-linkedin-1020\" class=\"share-linkedin sd-button share-icon no-text\" href=\"https:\/\/niceafrica.eu\/index.php\/produit\/couettes-et-draps-de-lit\/?share=linkedin\" target=\"_blank\" title=\"Cliquez pour partager sur LinkedIn\" ><span><\/span><span class=\"sharing-screen-reader-text\">Cliquez pour partager sur LinkedIn(ouvre dans une nouvelle fen\u00eatre)<\/span><\/a><\/li><li class=\"share-email\"><a rel=\"nofollow noopener noreferrer\" data-shared=\"\" class=\"share-email sd-button share-icon no-text\" href=\"mailto:?subject=%5BArticle%20partag%C3%A9%5D%20%28A1005%29%20Couettes%20et%20draps%20de%20lit%20niceafrica&body=https%3A%2F%2Fniceafrica.eu%2Findex.php%2Fproduit%2Fcouettes-et-draps-de-lit%2F&share=email\" target=\"_blank\" title=\"Cliquer pour envoyer un lien par e-mail \u00e0 un ami\" data-email-share-error-title=\"Votre messagerie est-elle configur\u00e9e\u00a0?\" data-email-share-error-text=\"Si vous rencontrez des probl\u00e8mes de partage par e-mail, votre messagerie n\u2019est peut-\u00eatre pas configur\u00e9e pour votre navigateur. Vous devrez peut-\u00eatre cr\u00e9er vous-m\u00eame une nouvelle messagerie.\" data-email-share-nonce=\"3b3e3296a3\" data-email-share-track-url=\"https:\/\/niceafrica.eu\/index.php\/produit\/couettes-et-draps-de-lit\/?share=email\"><span><\/span><span class=\"sharing-screen-reader-text\">Cliquer pour envoyer un lien par e-mail \u00e0 un ami(ouvre dans une nouvelle fen\u00eatre)<\/span><\/a><\/li><li class=\"share-pinterest\"><a rel=\"nofollow noopener noreferrer\" data-shared=\"sharing-pinterest-1020\" class=\"share-pinterest sd-button share-icon no-text\" href=\"https:\/\/niceafrica.eu\/index.php\/produit\/couettes-et-draps-de-lit\/?share=pinterest\" target=\"_blank\" title=\"Cliquez pour partager sur Pinterest\" ><span><\/span><span class=\"sharing-screen-reader-text\">Cliquez pour partager sur Pinterest(ouvre dans une nouvelle fen\u00eatre)<\/span><\/a><\/li><li class=\"share-end\"><\/li><\/ul><\/div><\/div><\/div>","protected":false},"excerpt":{"rendered":"<p>Des couettes magnifiques en coton doux du Burkina avec des motifs africains, ou faites faire vos couettes selon vos go\u00fbts ou vos pr\u00e9f\u00e9rences en choisissant le motif qui sied avec votre int\u00e9rieur. &hellip; <a href=\"https:\/\/niceafrica.eu\/index.php\/produit\/couettes-et-draps-de-lit\/\" class=\"more-link\"><span class=\"more-button\">Plus de d\u00e9tails<span class=\"screen-reader-text\">(A1005) Couettes et draps de lit niceafrica<\/span><\/span><\/a><\/p>\n<div class=\"sharedaddy sd-sharing-enabled\"><div class=\"robots-nocontent sd-block sd-social sd-social-icon sd-sharing\"><h3 class=\"sd-title\">Partager\u00a0:<\/h3><div class=\"sd-content\"><ul><li class=\"share-twitter\"><a rel=\"nofollow noopener noreferrer\" data-shared=\"sharing-twitter-1020\" class=\"share-twitter sd-button share-icon no-text\" href=\"https:\/\/niceafrica.eu\/index.php\/produit\/couettes-et-draps-de-lit\/?share=twitter\" target=\"_blank\" title=\"Cliquez pour partager sur Twitter\" ><span><\/span><span class=\"sharing-screen-reader-text\">Cliquez pour partager sur Twitter(ouvre dans une nouvelle fen\u00eatre)<\/span><\/a><\/li><li class=\"share-facebook\"><a rel=\"nofollow noopener noreferrer\" data-shared=\"sharing-facebook-1020\" class=\"share-facebook sd-button share-icon no-text\" href=\"https:\/\/niceafrica.eu\/index.php\/produit\/couettes-et-draps-de-lit\/?share=facebook\" target=\"_blank\" title=\"Cliquez pour partager sur Facebook\" ><span><\/span><span class=\"sharing-screen-reader-text\">Cliquez pour partager sur Facebook(ouvre dans une nouvelle fen\u00eatre)<\/span><\/a><\/li><li class=\"share-jetpack-whatsapp\"><a rel=\"nofollow noopener noreferrer\" data-shared=\"\" class=\"share-jetpack-whatsapp sd-button share-icon no-text\" href=\"https:\/\/niceafrica.eu\/index.php\/produit\/couettes-et-draps-de-lit\/?share=jetpack-whatsapp\" target=\"_blank\" title=\"Cliquez pour partager sur WhatsApp\" ><span><\/span><span class=\"sharing-screen-reader-text\">Cliquez pour partager sur WhatsApp(ouvre dans une nouvelle fen\u00eatre)<\/span><\/a><\/li><li class=\"share-linkedin\"><a rel=\"nofollow noopener noreferrer\" data-shared=\"sharing-linkedin-1020\" class=\"share-linkedin sd-button share-icon no-text\" href=\"https:\/\/niceafrica.eu\/index.php\/produit\/couettes-et-draps-de-lit\/?share=linkedin\" target=\"_blank\" title=\"Cliquez pour partager sur LinkedIn\" ><span><\/span><span class=\"sharing-screen-reader-text\">Cliquez pour partager sur LinkedIn(ouvre dans une nouvelle fen\u00eatre)<\/span><\/a><\/li><li class=\"share-email\"><a rel=\"nofollow noopener noreferrer\" data-shared=\"\" class=\"share-email sd-button share-icon no-text\" href=\"mailto:?subject=%5BArticle%20partag%C3%A9%5D%20%28A1005%29%20Couettes%20et%20draps%20de%20lit%20niceafrica&body=https%3A%2F%2Fniceafrica.eu%2Findex.php%2Fproduit%2Fcouettes-et-draps-de-lit%2F&share=email\" target=\"_blank\" title=\"Cliquer pour envoyer un lien par e-mail \u00e0 un ami\" data-email-share-error-title=\"Votre messagerie est-elle configur\u00e9e\u00a0?\" data-email-share-error-text=\"Si vous rencontrez des probl\u00e8mes de partage par e-mail, votre messagerie n\u2019est peut-\u00eatre pas configur\u00e9e pour votre navigateur. Vous devrez peut-\u00eatre cr\u00e9er vous-m\u00eame une nouvelle messagerie.\" data-email-share-nonce=\"3b3e3296a3\" data-email-share-track-url=\"https:\/\/niceafrica.eu\/index.php\/produit\/couettes-et-draps-de-lit\/?share=email\"><span><\/span><span class=\"sharing-screen-reader-text\">Cliquer pour envoyer un lien par e-mail \u00e0 un ami(ouvre dans une nouvelle fen\u00eatre)<\/span><\/a><\/li><li class=\"share-pinterest\"><a rel=\"nofollow noopener noreferrer\" data-shared=\"sharing-pinterest-1020\" class=\"share-pinterest sd-button share-icon no-text\" href=\"https:\/\/niceafrica.eu\/index.php\/produit\/couettes-et-draps-de-lit\/?share=pinterest\" target=\"_blank\" title=\"Cliquez pour partager sur Pinterest\" ><span><\/span><span class=\"sharing-screen-reader-text\">Cliquez pour partager sur Pinterest(ouvre dans une nouvelle fen\u00eatre)<\/span><\/a><\/li><li class=\"share-end\"><\/li><\/ul><\/div><\/div><\/div>","protected":false},"featured_media":1117,"comment_status":"open","ping_status":"closed","template":"","meta":{"jetpack_publicize_message":"","jetpack_is_tweetstorm":false,"jetpack_publicize_feature_enabled":true},"product_cat":[25],"product_tag":[],"jetpack_publicize_connections":[],"jetpack_sharing_enabled":true,"jetpack-related-posts":[{"id":1014,"url":"https:\/\/niceafrica.eu\/index.php\/produit\/tissus\/","url_meta":{"origin":1020,"position":0},"title":"(A1007) Tissus","date":"25 janvier 2023","format":false,"excerpt":"En Wax ou en Coton labell\u00e9 \"Faso Danfani\", les tissus burkinab\u00e9 sont magnifiques. Que ce soit pour des couvres table ou comme couvre lits et encore, les cr\u00e9ations sp\u00e9ciales de draps.","rel":"","context":"Article similaire","img":{"alt_text":"","src":"https:\/\/i0.wp.com\/niceafrica.eu\/wp-content\/uploads\/2023\/01\/IMG_23841-rotated.jpg?fit=900%2C1200&ssl=1&resize=350%2C200","width":350,"height":200},"classes":[]},{"id":1131,"url":"https:\/\/niceafrica.eu\/index.php\/produit\/a1001-jupes-coton-imprime-differents-motifs\/","url_meta":{"origin":1020,"position":1},"title":"(A1001) Jupes coton imprim\u00e9. Diff\u00e9rents motifs","date":"30 mars 2023","format":false,"excerpt":"Longue jupe souple en coton imprim\u00e9 motifs rouge et carr\u00e9s. Taille unique","rel":"","context":"Article similaire","img":{"alt_text":"","src":"https:\/\/i0.wp.com\/niceafrica.eu\/wp-content\/uploads\/2023\/03\/Jupe-rouge-carres.jpg?fit=577%2C1182&ssl=1&resize=350%2C200","width":350,"height":200},"classes":[]},{"id":1134,"url":"https:\/\/niceafrica.eu\/index.php\/produit\/a1002-jupes-coton-imprime-motifs-madras\/","url_meta":{"origin":1020,"position":2},"title":"(A1002) Jupes coton imprim\u00e9 motifs madras","date":"30 mars 2023","format":false,"excerpt":"Longue jupe souple et \u00e9l\u00e9gante en coton du Burkina. Taille unique","rel":"","context":"Article similaire","img":{"alt_text":"","src":"https:\/\/i0.wp.com\/niceafrica.eu\/wp-content\/uploads\/2023\/03\/Jupe-madras.jpg?fit=510%2C1103&ssl=1&resize=350%2C200","width":350,"height":200},"classes":[]},{"id":1108,"url":"https:\/\/niceafrica.eu\/index.php\/produit\/air-robe-longue-magnifiques-motifs-aux-tons-verts\/","url_meta":{"origin":1020,"position":3},"title":"(a1006) Robe longue, magnifiques motifs aux tons verts","date":"17 f\u00e9vrier 2023","format":false,"excerpt":"Magnifique robe longue doubl\u00e9e disponible en diff\u00e9rents coloris: bleus, vert-ocre, vert. Beau d\u00e9collet\u00e9, hanches avec ouverture. Mod\u00e8le en exclusivit\u00e9 pour vous. Disponible en boutique taille S ou M ou sur mesure (d\u00e9lai 10 jours). Vous serez superbe aux c\u00e9r\u00e9monies de mariage ou \u00e0 votre soir\u00e9e.","rel":"","context":"Article similaire","img":{"alt_text":"","src":"https:\/\/i0.wp.com\/niceafrica.eu\/wp-content\/uploads\/2023\/02\/femme4-scaled.jpg?fit=1050%2C1200&ssl=1&resize=350%2C200","width":350,"height":200},"classes":[]},{"id":1169,"url":"https:\/\/niceafrica.eu\/index.php\/produit\/a1001-robe-singsong\/","url_meta":{"origin":1020,"position":4},"title":"(A1001) Robe Singsong","date":"10 septembre 2023","format":false,"excerpt":"Magnifique robe joyeuse qui mettra de bonne humeur toute la journ\u00e9e. magnifiques motifs. 100% coton. taille S, M, L","rel":"","context":"Article similaire","img":{"alt_text":"","src":"https:\/\/i0.wp.com\/niceafrica.eu\/wp-content\/uploads\/2023\/09\/thumbnail_IMG_7013.jpg?fit=723%2C738&ssl=1&resize=350%2C200","width":350,"height":200},"classes":[]},{"id":883,"url":"https:\/\/niceafrica.eu\/index.php\/produit\/nouvelle-collection-blue-move\/","url_meta":{"origin":1020,"position":5},"title":"(A1009) Nouvelle collection Blue Move","date":"31 juillet 2022","format":false,"excerpt":"Robe virevoltante aux motifs bleus. Dos nus, \u00e9paules d\u00e9gag\u00e9es. Vous ferez sensation aux garden parties hupp\u00e9s, sur les plages ou en soir\u00e9e. Coton l\u00e9ger. Origine Burkina Faso. Taille unique.","rel":"","context":"Article similaire","img":{"alt_text":"","src":"https:\/\/i0.wp.com\/niceafrica.eu\/wp-content\/uploads\/2022\/07\/nouvelle-collection-2022-3f.jpg?fit=1067%2C1200&ssl=1&resize=350%2C200","width":350,"height":200},"classes":[]}],"jetpack_likes_enabled":true,"_links":{"self":[{"href":"https:\/\/niceafrica.eu\/index.php\/wp-json\/wp\/v2\/product\/1020"}],"collection":[{"href":"https:\/\/niceafrica.eu\/index.php\/wp-json\/wp\/v2\/product"}],"about":[{"href":"https:\/\/niceafrica.eu\/index.php\/wp-json\/wp\/v2\/types\/product"}],"replies":[{"embeddable":true,"href":"https:\/\/niceafrica.eu\/index.php\/wp-json\/wp\/v2\/comments?post=1020"}],"wp:featuredmedia":[{"embeddable":true,"href":"https:\/\/niceafrica.eu\/index.php\/wp-json\/wp\/v2\/media\/1117"}],"wp:attachment":[{"href":"https:\/\/niceafrica.eu\/index.php\/wp-json\/wp\/v2\/media?parent=1020"}],"wp:term":[{"taxonomy":"product_cat","embeddable":true,"href":"https:\/\/niceafrica.eu\/index.php\/wp-json\/wp\/v2\/product_cat?post=1020"},{"taxonomy":"product_tag","embeddable":true,"href":"https:\/\/niceafrica.eu\/index.php\/wp-json\/wp\/v2\/product_tag?post=1020"}],"curies":[{"name":"wp","href":"https:\/\/api.w.org\/{rel}","templated":true}]}}