{"id":1013,"date":"2023-01-25T02:30:44","date_gmt":"2023-01-25T01:30:44","guid":{"rendered":"https:\/\/niceafrica.eu\/?post_type=product&#038;p=1013"},"modified":"2023-03-30T11:31:46","modified_gmt":"2023-03-30T09:31:46","slug":"masques","status":"publish","type":"product","link":"https:\/\/niceafrica.eu\/index.php\/produit\/masques\/","title":{"rendered":"(A1008) Masques"},"content":{"rendered":"<p>Les masques au Burkina Faso sont magnifiques. Les prix varient de 150 \u00e0 450 euros<\/p>\n<div class=\"sharedaddy sd-sharing-enabled\"><div class=\"robots-nocontent sd-block sd-social sd-social-icon sd-sharing\"><h3 class=\"sd-title\">Partager\u00a0:<\/h3><div class=\"sd-content\"><ul><li class=\"share-twitter\"><a rel=\"nofollow noopener noreferrer\" data-shared=\"sharing-twitter-1013\" class=\"share-twitter sd-button share-icon no-text\" href=\"https:\/\/niceafrica.eu\/index.php\/produit\/masques\/?share=twitter\" target=\"_blank\" title=\"Cliquez pour partager sur Twitter\" ><span><\/span><span class=\"sharing-screen-reader-text\">Cliquez pour partager sur Twitter(ouvre dans une nouvelle fen\u00eatre)<\/span><\/a><\/li><li class=\"share-facebook\"><a rel=\"nofollow noopener noreferrer\" data-shared=\"sharing-facebook-1013\" class=\"share-facebook sd-button share-icon no-text\" href=\"https:\/\/niceafrica.eu\/index.php\/produit\/masques\/?share=facebook\" target=\"_blank\" title=\"Cliquez pour partager sur Facebook\" ><span><\/span><span class=\"sharing-screen-reader-text\">Cliquez pour partager sur Facebook(ouvre dans une nouvelle fen\u00eatre)<\/span><\/a><\/li><li class=\"share-jetpack-whatsapp\"><a rel=\"nofollow noopener noreferrer\" data-shared=\"\" class=\"share-jetpack-whatsapp sd-button share-icon no-text\" href=\"https:\/\/niceafrica.eu\/index.php\/produit\/masques\/?share=jetpack-whatsapp\" target=\"_blank\" title=\"Cliquez pour partager sur WhatsApp\" ><span><\/span><span class=\"sharing-screen-reader-text\">Cliquez pour partager sur WhatsApp(ouvre dans une nouvelle fen\u00eatre)<\/span><\/a><\/li><li class=\"share-linkedin\"><a rel=\"nofollow noopener noreferrer\" data-shared=\"sharing-linkedin-1013\" class=\"share-linkedin sd-button share-icon no-text\" href=\"https:\/\/niceafrica.eu\/index.php\/produit\/masques\/?share=linkedin\" target=\"_blank\" title=\"Cliquez pour partager sur LinkedIn\" ><span><\/span><span class=\"sharing-screen-reader-text\">Cliquez pour partager sur LinkedIn(ouvre dans une nouvelle fen\u00eatre)<\/span><\/a><\/li><li class=\"share-email\"><a rel=\"nofollow noopener noreferrer\" data-shared=\"\" class=\"share-email sd-button share-icon no-text\" href=\"mailto:?subject=%5BArticle%20partag%C3%A9%5D%20%28A1008%29%20Masques&body=https%3A%2F%2Fniceafrica.eu%2Findex.php%2Fproduit%2Fmasques%2F&share=email\" target=\"_blank\" title=\"Cliquer pour envoyer un lien par e-mail \u00e0 un ami\" data-email-share-error-title=\"Votre messagerie est-elle configur\u00e9e\u00a0?\" data-email-share-error-text=\"Si vous rencontrez des probl\u00e8mes de partage par e-mail, votre messagerie n\u2019est peut-\u00eatre pas configur\u00e9e pour votre navigateur. Vous devrez peut-\u00eatre cr\u00e9er vous-m\u00eame une nouvelle messagerie.\" data-email-share-nonce=\"81d0ea8396\" data-email-share-track-url=\"https:\/\/niceafrica.eu\/index.php\/produit\/masques\/?share=email\"><span><\/span><span class=\"sharing-screen-reader-text\">Cliquer pour envoyer un lien par e-mail \u00e0 un ami(ouvre dans une nouvelle fen\u00eatre)<\/span><\/a><\/li><li class=\"share-pinterest\"><a rel=\"nofollow noopener noreferrer\" data-shared=\"sharing-pinterest-1013\" class=\"share-pinterest sd-button share-icon no-text\" href=\"https:\/\/niceafrica.eu\/index.php\/produit\/masques\/?share=pinterest\" target=\"_blank\" title=\"Cliquez pour partager sur Pinterest\" ><span><\/span><span class=\"sharing-screen-reader-text\">Cliquez pour partager sur Pinterest(ouvre dans une nouvelle fen\u00eatre)<\/span><\/a><\/li><li class=\"share-end\"><\/li><\/ul><\/div><\/div><\/div>","protected":false},"excerpt":{"rendered":"<p>Les masques au Burkina Faso sont magnifiques, ils ont diff\u00e9rents r\u00f4les et signifient beaucoup de choses qui sont des histoires fabuleuses et pleines de significations. &hellip; <a href=\"https:\/\/niceafrica.eu\/index.php\/produit\/masques\/\" class=\"more-link\"><span class=\"more-button\">Plus de d\u00e9tails<span class=\"screen-reader-text\">(A1008) Masques<\/span><\/span><\/a><\/p>\n<div class=\"sharedaddy sd-sharing-enabled\"><div class=\"robots-nocontent sd-block sd-social sd-social-icon sd-sharing\"><h3 class=\"sd-title\">Partager\u00a0:<\/h3><div class=\"sd-content\"><ul><li class=\"share-twitter\"><a rel=\"nofollow noopener noreferrer\" data-shared=\"sharing-twitter-1013\" class=\"share-twitter sd-button share-icon no-text\" href=\"https:\/\/niceafrica.eu\/index.php\/produit\/masques\/?share=twitter\" target=\"_blank\" title=\"Cliquez pour partager sur Twitter\" ><span><\/span><span class=\"sharing-screen-reader-text\">Cliquez pour partager sur Twitter(ouvre dans une nouvelle fen\u00eatre)<\/span><\/a><\/li><li class=\"share-facebook\"><a rel=\"nofollow noopener noreferrer\" data-shared=\"sharing-facebook-1013\" class=\"share-facebook sd-button share-icon no-text\" href=\"https:\/\/niceafrica.eu\/index.php\/produit\/masques\/?share=facebook\" target=\"_blank\" title=\"Cliquez pour partager sur Facebook\" ><span><\/span><span class=\"sharing-screen-reader-text\">Cliquez pour partager sur Facebook(ouvre dans une nouvelle fen\u00eatre)<\/span><\/a><\/li><li class=\"share-jetpack-whatsapp\"><a rel=\"nofollow noopener noreferrer\" data-shared=\"\" class=\"share-jetpack-whatsapp sd-button share-icon no-text\" href=\"https:\/\/niceafrica.eu\/index.php\/produit\/masques\/?share=jetpack-whatsapp\" target=\"_blank\" title=\"Cliquez pour partager sur WhatsApp\" ><span><\/span><span class=\"sharing-screen-reader-text\">Cliquez pour partager sur WhatsApp(ouvre dans une nouvelle fen\u00eatre)<\/span><\/a><\/li><li class=\"share-linkedin\"><a rel=\"nofollow noopener noreferrer\" data-shared=\"sharing-linkedin-1013\" class=\"share-linkedin sd-button share-icon no-text\" href=\"https:\/\/niceafrica.eu\/index.php\/produit\/masques\/?share=linkedin\" target=\"_blank\" title=\"Cliquez pour partager sur LinkedIn\" ><span><\/span><span class=\"sharing-screen-reader-text\">Cliquez pour partager sur LinkedIn(ouvre dans une nouvelle fen\u00eatre)<\/span><\/a><\/li><li class=\"share-email\"><a rel=\"nofollow noopener noreferrer\" data-shared=\"\" class=\"share-email sd-button share-icon no-text\" href=\"mailto:?subject=%5BArticle%20partag%C3%A9%5D%20%28A1008%29%20Masques&body=https%3A%2F%2Fniceafrica.eu%2Findex.php%2Fproduit%2Fmasques%2F&share=email\" target=\"_blank\" title=\"Cliquer pour envoyer un lien par e-mail \u00e0 un ami\" data-email-share-error-title=\"Votre messagerie est-elle configur\u00e9e\u00a0?\" data-email-share-error-text=\"Si vous rencontrez des probl\u00e8mes de partage par e-mail, votre messagerie n\u2019est peut-\u00eatre pas configur\u00e9e pour votre navigateur. Vous devrez peut-\u00eatre cr\u00e9er vous-m\u00eame une nouvelle messagerie.\" data-email-share-nonce=\"81d0ea8396\" data-email-share-track-url=\"https:\/\/niceafrica.eu\/index.php\/produit\/masques\/?share=email\"><span><\/span><span class=\"sharing-screen-reader-text\">Cliquer pour envoyer un lien par e-mail \u00e0 un ami(ouvre dans une nouvelle fen\u00eatre)<\/span><\/a><\/li><li class=\"share-pinterest\"><a rel=\"nofollow noopener noreferrer\" data-shared=\"sharing-pinterest-1013\" class=\"share-pinterest sd-button share-icon no-text\" href=\"https:\/\/niceafrica.eu\/index.php\/produit\/masques\/?share=pinterest\" target=\"_blank\" title=\"Cliquez pour partager sur Pinterest\" ><span><\/span><span class=\"sharing-screen-reader-text\">Cliquez pour partager sur Pinterest(ouvre dans une nouvelle fen\u00eatre)<\/span><\/a><\/li><li class=\"share-end\"><\/li><\/ul><\/div><\/div><\/div>","protected":false},"featured_media":1008,"comment_status":"open","ping_status":"closed","template":"","meta":{"jetpack_publicize_message":"","jetpack_is_tweetstorm":false,"jetpack_publicize_feature_enabled":true},"product_cat":[24],"product_tag":[],"jetpack_publicize_connections":[],"jetpack_sharing_enabled":true,"jetpack-related-posts":[{"id":1167,"url":"https:\/\/niceafrica.eu\/index.php\/produit\/colliers-bronze\/","url_meta":{"origin":1013,"position":0},"title":"&#8211;Colliers bronze","date":"9 septembre 2023","format":false,"excerpt":"Cr\u00e9ation originale atelier du Burkina Faso","rel":"","context":"Article similaire","img":{"alt_text":"","src":"https:\/\/i0.wp.com\/niceafrica.eu\/wp-content\/uploads\/2023\/09\/cropped-thumbnail_IMG_3052.jpg?fit=907%2C1200&ssl=1&resize=350%2C200","width":350,"height":200},"classes":[]},{"id":999,"url":"https:\/\/niceafrica.eu\/index.php\/produit\/porte-de-grange-peule\/","url_meta":{"origin":1013,"position":1},"title":"Porte de grange Peule","date":"25 janvier 2023","format":false,"excerpt":"On d\u00e9couvre l'art Peule du Mali mais \u00e9galement pr\u00e9sent dans le nord du Burkina Faso. Les granges, qui sont sources de vie dans les villages peules sont prot\u00e9g\u00e9es par de magnifiques portes sculpt\u00e9es de sc\u00e8nes de vie dans le village. Magnifique et tr\u00e8s pr\u00e9cieux dans un int\u00e9rieur.","rel":"","context":"Article similaire","img":{"alt_text":"","src":"https:\/\/i0.wp.com\/niceafrica.eu\/wp-content\/uploads\/2023\/01\/IMG_5051.jpg?fit=670%2C1200&ssl=1&resize=350%2C200","width":350,"height":200},"classes":[]},{"id":892,"url":"https:\/\/niceafrica.eu\/index.php\/produit\/nouvelle-collection-2023-jupe-batic\/","url_meta":{"origin":1013,"position":2},"title":"Nouvelle Collection 2023 Jupe Batic","date":"31 juillet 2022","format":false,"excerpt":"Magnifique jupe longue et ample de couleurs sables rouges et ocres chamois\u00e9es en cotonn souple. Origine: Burkina Faso","rel":"","context":"Article similaire","img":{"alt_text":"","src":"https:\/\/i0.wp.com\/niceafrica.eu\/wp-content\/uploads\/2022\/07\/nouvelle-collection-2022-4f.jpg?fit=960%2C1200&ssl=1&resize=350%2C200","width":350,"height":200},"classes":[]},{"id":1168,"url":"https:\/\/niceafrica.eu\/index.php\/produit\/a0999-tunique-faso-danfani\/","url_meta":{"origin":1013,"position":3},"title":"(A0999) Tunique Faso Danfani","date":"10 septembre 2023","format":false,"excerpt":"Le coton du Burkina Faso traditionnel, s\u00e9ant et agr\u00e9able \u00e0 porter en toutes circonstances.","rel":"","context":"Article similaire","img":{"alt_text":"","src":"https:\/\/i0.wp.com\/niceafrica.eu\/wp-content\/uploads\/2023\/09\/thumbnail_IMG_7009.jpg?fit=604%2C893&ssl=1&resize=350%2C200","width":350,"height":200},"classes":[]},{"id":889,"url":"https:\/\/niceafrica.eu\/index.php\/produit\/nouvelle-collection-chemise-top-blanche-ecru\/","url_meta":{"origin":1013,"position":4},"title":"Nouvelle Collection. Chemise top Blanche \u00e9cru","date":"31 juillet 2022","format":false,"excerpt":"El\u00e9gance et comfort, ce top en Faso Danfani, le Coton mode du Burkina Faso","rel":"","context":"Article similaire","img":{"alt_text":"","src":"https:\/\/i0.wp.com\/niceafrica.eu\/wp-content\/uploads\/2022\/07\/veste-top-blanc-ecru-lignee.jpg?fit=513%2C548&ssl=1&resize=350%2C200","width":350,"height":200},"classes":[]},{"id":884,"url":"https:\/\/niceafrica.eu\/index.php\/produit\/nouvelle-collection-chemise-top-bleue\/","url_meta":{"origin":1013,"position":5},"title":"Nouvelle collection Chemise top bleue","date":"31 juillet 2022","format":false,"excerpt":"Soyez super Mode et Cool dans cette chemise-tp confortable en Faso Danfani, le Coton traditionnel du Burkina Faso.","rel":"","context":"Article similaire","img":{"alt_text":"","src":"https:\/\/i0.wp.com\/niceafrica.eu\/wp-content\/uploads\/2022\/07\/veste-top-bleue-lignee.jpg?fit=448%2C584&ssl=1&resize=350%2C200","width":350,"height":200},"classes":[]}],"jetpack_likes_enabled":true,"_links":{"self":[{"href":"https:\/\/niceafrica.eu\/index.php\/wp-json\/wp\/v2\/product\/1013"}],"collection":[{"href":"https:\/\/niceafrica.eu\/index.php\/wp-json\/wp\/v2\/product"}],"about":[{"href":"https:\/\/niceafrica.eu\/index.php\/wp-json\/wp\/v2\/types\/product"}],"replies":[{"embeddable":true,"href":"https:\/\/niceafrica.eu\/index.php\/wp-json\/wp\/v2\/comments?post=1013"}],"wp:featuredmedia":[{"embeddable":true,"href":"https:\/\/niceafrica.eu\/index.php\/wp-json\/wp\/v2\/media\/1008"}],"wp:attachment":[{"href":"https:\/\/niceafrica.eu\/index.php\/wp-json\/wp\/v2\/media?parent=1013"}],"wp:term":[{"taxonomy":"product_cat","embeddable":true,"href":"https:\/\/niceafrica.eu\/index.php\/wp-json\/wp\/v2\/product_cat?post=1013"},{"taxonomy":"product_tag","embeddable":true,"href":"https:\/\/niceafrica.eu\/index.php\/wp-json\/wp\/v2\/product_tag?post=1013"}],"curies":[{"name":"wp","href":"https:\/\/api.w.org\/{rel}","templated":true}]}}