{"id":786,"date":"2023-02-03T20:10:15","date_gmt":"2023-02-03T19:10:15","guid":{"rendered":"https:\/\/niceafrica.eu\/?page_id=786"},"modified":"2023-02-03T20:10:15","modified_gmt":"2023-02-03T19:10:15","slug":"remboursements_retours","status":"publish","type":"page","link":"https:\/\/niceafrica.eu\/index.php\/remboursements_retours\/","title":{"rendered":"Politique en mati\u00e8re de remboursements et de retours"},"content":{"rendered":"\r\n\r\n\r\n<div class=\"iYB33c\">\r\n<div class=\"dlJLJe\">\r\n<div data-cviv=\"false\" data-ved=\"2ahUKEwiigre-gvr8AhXci_0HHc6AAYUQz_AEegQIBRAO\">\r\n<div class=\"U9URNb\">\r\n<p>Notre politique de remboursement et de retour dure 30 jours. Si 30 jours se sont \u00e9coul\u00e9s depuis votre achat, nous ne pouvons pas vous offrir un remboursement complet ou un \u00e9change. Pour \u00eatre admissible \u00e0 un retour, votre article doit \u00eatre inutilis\u00e9 et dans le m\u00eame \u00e9tat que vous l&#8217;avez re\u00e7u. Il doit \u00e9galement \u00eatre dans l&#8217;emballage d&#8217;origine. Plusieurs types de marchandises sont exempt\u00e9es de retour. Les denr\u00e9es p\u00e9rissables ne peuvent pas \u00eatre retourn\u00e9es. Nous n&#8217;acceptons pas non plus les produits intimes et lingerie. Pour compl\u00e9ter votre retour, nous avons besoin d&#8217;un re\u00e7u ou d&#8217;une preuve d&#8217;achat. Veuillez ne pas renvoyer votre achat au fabricant. Il existe certaines situations o\u00f9 seuls des remboursements partiels sont accord\u00e9s : Tout article qui n&#8217;est pas dans son \u00e9tat d&#8217;origine, est endommag\u00e9 ou manque des pi\u00e8ces pour des raisons non dues \u00e0 notre erreur. Tout article retourn\u00e9 plus de 30 jours apr\u00e8s la livraison.<\/p>\r\n<p><strong>Remboursements <\/strong><\/p>\r\n<p>Une fois votre retour re\u00e7u et inspect\u00e9, nous vous enverrons un e-mail pour vous informer que nous avons re\u00e7u votre article retourn\u00e9. Nous vous informerons \u00e9galement de l&#8217;approbation ou du rejet de votre remboursement. Si vous \u00eates approuv\u00e9, votre remboursement sera trait\u00e9 et un cr\u00e9dit sera automatiquement appliqu\u00e9 \u00e0 votre carte de cr\u00e9dit ou \u00e0 votre mode de paiement original, dans un certain nombre de jours.<\/p>\r\n<p><strong>Remboursements en retard ou manquants<\/strong><\/p>\r\n<p>Si vous n&#8217;avez pas encore re\u00e7u de remboursement, v\u00e9rifiez d&#8217;abord \u00e0 nouveau votre compte bancaire. Contactez ensuite votre compagnie de carte de cr\u00e9dit, cela peut prendre un certain temps avant que votre remboursement ne soit officiellement affich\u00e9. Contactez ensuite votre banque. Il y a souvent un certain temps de traitement avant qu&#8217;un remboursement ne soit affich\u00e9. Si vous avez fait tout cela et que vous n&#8217;avez toujours pas re\u00e7u votre remboursement, veuillez nous contacter \u00e0 info@niceafrica.eu.<\/p>\r\n<p><strong>Vente des articles<\/strong><\/p>\r\n<p>Seuls les articles \u00e0 prix r\u00e9gulier peuvent \u00eatre rembours\u00e9s. Les articles sold\u00e9s ne peuvent pas \u00eatre rembours\u00e9s.<\/p>\r\n<p><strong>Echanges<\/strong><\/p>\r\n<p>Nous ne rempla\u00e7ons les articles que s&#8217;ils sont d\u00e9fectueux ou endommag\u00e9s. Si vous avez besoin de l&#8217;\u00e9changer contre le m\u00eame article, envoyez-nous un e-mail \u00e0 info@niceafrica.eu et envoyez votre article \u00e0 : FK NiceAfrica, rue des minimes 1000 Bruxelles (Belgique).<\/p>\r\n<p><strong>Cadeaux<\/strong><\/p>\r\n<p>Si l&#8217;article a \u00e9t\u00e9 marqu\u00e9 comme cadeau lors de son achat et qu&#8217;il vous a \u00e9t\u00e9 exp\u00e9di\u00e9 directement, vous recevrez un cr\u00e9dit-cadeau correspondant \u00e0 la valeur de votre retour. Une fois l&#8217;article retourn\u00e9 re\u00e7u, un ch\u00e8que-cadeau vous sera envoy\u00e9 par la poste. Si l&#8217;article n&#8217;a pas \u00e9t\u00e9 marqu\u00e9 comme cadeau lors de l&#8217;achat, ou si le donateur s&#8217;est fait exp\u00e9dier la commande pour vous la donner plus tard, nous enverrons un remboursement au donateur et il s&#8217;informera de votre retour.<\/p>\r\n<p><strong>Exp\u00e9dition &amp; retours<\/strong><\/p>\r\n<p>Pour retourner votre produit, vous devez envoyer votre produit \u00e0 : FK NiceAfrica Rue des minimes, 38 1000 Bruxelles (Belgique).<\/p>\r\n<p>Vous serez responsable de payer vos propres frais d&#8217;exp\u00e9dition pour le retour de votre article. Les frais d&#8217;exp\u00e9dition ne sont pas remboursables. Si vous recevez un remboursement, les frais de retour seront d\u00e9duits de votre remboursement.<\/p>\r\n<p>Selon l&#8217;endroit o\u00f9 vous vivez, le temps n\u00e9cessaire pour que votre produit \u00e9chang\u00e9 vous parvienne peut varier.<\/p>\r\n<p>Si vous retournez des articles plus chers, vous pouvez envisager d&#8217;utiliser un service d&#8217;exp\u00e9dition tra\u00e7able ou de souscrire une assurance d&#8217;exp\u00e9dition. Nous ne garantissons pas que nous recevrons votre article retourn\u00e9.<\/p>\r\n<p>Besoin d&#8217;aide?<\/p>\r\n<p>Contactez-nous \u00e0 info@niceafrica.eu pour toute question relative aux remboursements et aux retours.<\/p>\r\n<\/div>\r\n<\/div>\r\n<\/div>\r\n<\/div>\r\n\r\n\r\n\r\n\r\n","protected":false},"excerpt":{"rendered":"<p>Notre politique de remboursement et de retour dure 30 jours. Si 30 jours se sont \u00e9coul\u00e9s depuis votre achat, nous ne pouvons pas vous offrir un remboursement complet ou un \u00e9change. Pour \u00eatre admissible \u00e0 un retour, votre article doit \u00eatre inutilis\u00e9 et dans le m\u00eame \u00e9tat que vous l&#8217;avez re\u00e7u. Il doit \u00e9galement \u00eatre dans l&#8217;emballage d&#8217;origine. Plusieurs types de marchandises sont exempt\u00e9es de retour. Les denr\u00e9es p\u00e9rissables ne peuvent pas \u00eatre retourn\u00e9es. Nous n&#8217;acceptons pas non plus les produits intimes et lingerie. Pour compl\u00e9ter votre retour, nous avons besoin d&#8217;un re\u00e7u ou d&#8217;une preuve d&#8217;achat. Veuillez ne pas &hellip; <a href=\"https:\/\/niceafrica.eu\/index.php\/remboursements_retours\/\" class=\"more-link\"><span class=\"more-button\">suite<span class=\"screen-reader-text\">Politique en mati\u00e8re de remboursements et de retours<\/span><\/span><\/a><\/p>\n","protected":false},"author":1,"featured_media":0,"parent":0,"menu_order":0,"comment_status":"closed","ping_status":"closed","template":"","meta":[],"jetpack_sharing_enabled":true,"jetpack_shortlink":"https:\/\/wp.me\/PaqO43-cG","jetpack-related-posts":[{"id":2,"url":"https:\/\/niceafrica.eu\/index.php\/commande\/page-d-exemple\/","url_meta":{"origin":786,"position":0},"title":"Conditions de vente: Politique de confidentialit\u00e9","date":"7 novembre 2018","format":false,"excerpt":"When shopping, we keep a record of your email and the cart contents for up to 30 days on our server. This record is kept to repopulate the contents of your cart if you switch devices or needed to come back another day. Read our privacy policy here.","rel":"","context":"Article similaire","img":{"alt_text":"","src":"","width":0,"height":0},"classes":[]},{"id":4,"url":"https:\/\/niceafrica.eu\/index.php\/boutique\/","url_meta":{"origin":786,"position":1},"title":"L&#8217;asbl FK Niceafrica et sa boutique","date":"7 janvier 2023","format":false,"excerpt":"Rendez-vous dans la boutique de l'asbl FK Niceafrica, au Sablon: Rue des Minimes, 38. Quel choix de v\u00eatements, robes, jupes, hauts, tops, bijoux, d\u00e9coration...La rencontre, le toucher, l'essayage, nous vous recevons, dans notre boutique, de fa\u00e7on tout-\u00e0-fait privil\u00e9gi\u00e9e afin de vous faire d\u00e9couvrir le r\u00e9sultat de notre action au Burkina\u2026","rel":"","context":"Article similaire","img":{"alt_text":"","src":"https:\/\/i0.wp.com\/niceafrica.eu\/wp-content\/uploads\/2021\/11\/IMG_2248-rotated.jpg?fit=480%2C640&ssl=1&resize=350%2C200","width":350,"height":200},"classes":[]}],"jetpack_likes_enabled":true,"_links":{"self":[{"href":"https:\/\/niceafrica.eu\/index.php\/wp-json\/wp\/v2\/pages\/786"}],"collection":[{"href":"https:\/\/niceafrica.eu\/index.php\/wp-json\/wp\/v2\/pages"}],"about":[{"href":"https:\/\/niceafrica.eu\/index.php\/wp-json\/wp\/v2\/types\/page"}],"author":[{"embeddable":true,"href":"https:\/\/niceafrica.eu\/index.php\/wp-json\/wp\/v2\/users\/1"}],"replies":[{"embeddable":true,"href":"https:\/\/niceafrica.eu\/index.php\/wp-json\/wp\/v2\/comments?post=786"}],"version-history":[{"count":1,"href":"https:\/\/niceafrica.eu\/index.php\/wp-json\/wp\/v2\/pages\/786\/revisions"}],"predecessor-version":[{"id":1046,"href":"https:\/\/niceafrica.eu\/index.php\/wp-json\/wp\/v2\/pages\/786\/revisions\/1046"}],"wp:attachment":[{"href":"https:\/\/niceafrica.eu\/index.php\/wp-json\/wp\/v2\/media?parent=786"}],"curies":[{"name":"wp","href":"https:\/\/api.w.org\/{rel}","templated":true}]}}