{"id":354,"date":"2019-02-15T09:12:42","date_gmt":"2019-02-15T08:12:42","guid":{"rendered":"https:\/\/niceafrica.eu\/?page_id=354"},"modified":"2019-02-28T16:55:13","modified_gmt":"2019-02-28T15:55:13","slug":"delices","status":"publish","type":"page","link":"https:\/\/niceafrica.eu\/index.php\/delices\/","title":{"rendered":"D\u00e9lices d&#8217;Afrique et d&#8217;ailleurs"},"content":{"rendered":"","protected":true},"excerpt":{"rendered":"","protected":true},"author":1,"featured_media":371,"parent":0,"menu_order":0,"comment_status":"closed","ping_status":"closed","template":"templates\/right-sidebar.php","meta":[],"jetpack_sharing_enabled":true,"jetpack_shortlink":"https:\/\/wp.me\/PaqO43-5I","jetpack-related-posts":[{"id":786,"url":"https:\/\/niceafrica.eu\/index.php\/remboursements_retours\/","url_meta":{"origin":354,"position":0},"title":"Politique en mati\u00e8re de remboursements et de retours","date":"3 f\u00e9vrier 2023","format":false,"excerpt":"Notre politique de remboursement et de retour dure 30 jours. Si 30 jours se sont \u00e9coul\u00e9s depuis votre achat, nous ne pouvons pas vous offrir un remboursement complet ou un \u00e9change. Pour \u00eatre admissible \u00e0 un retour, votre article doit \u00eatre inutilis\u00e9 et dans le m\u00eame \u00e9tat que vous l'avez\u2026","rel":"","context":"Article similaire","img":{"alt_text":"","src":"","width":0,"height":0},"classes":[]},{"id":931,"url":"https:\/\/niceafrica.eu\/index.php\/page-daccueil\/","url_meta":{"origin":354,"position":1},"title":"L&#8217;Asbl FK Nice Africa","date":"12 d\u00e9cembre 2022","format":false,"excerpt":"FK Niceafrica est une asbl qui a comme but de soutenir des ateliers de couture et de tissage\u00a0 au Burkina Faso en les guidant dans leur recherches pour adapter leur produits aux crit\u00e8res europ\u00e9ens ou internationaux. En finan\u00e7ant, gr\u00e2ce aux ventes au travers de sa boutique, l'am\u00e9lioration de la production\u2026","rel":"","context":"Article similaire","img":{"alt_text":"","src":"https:\/\/i0.wp.com\/niceafrica.eu\/wp-content\/uploads\/2023\/01\/tissage-recadree.jpg?fit=441%2C502&ssl=1&resize=350%2C200","width":350,"height":200},"classes":[]}],"jetpack_likes_enabled":true,"_links":{"self":[{"href":"https:\/\/niceafrica.eu\/index.php\/wp-json\/wp\/v2\/pages\/354"}],"collection":[{"href":"https:\/\/niceafrica.eu\/index.php\/wp-json\/wp\/v2\/pages"}],"about":[{"href":"https:\/\/niceafrica.eu\/index.php\/wp-json\/wp\/v2\/types\/page"}],"author":[{"embeddable":true,"href":"https:\/\/niceafrica.eu\/index.php\/wp-json\/wp\/v2\/users\/1"}],"replies":[{"embeddable":true,"href":"https:\/\/niceafrica.eu\/index.php\/wp-json\/wp\/v2\/comments?post=354"}],"version-history":[{"count":13,"href":"https:\/\/niceafrica.eu\/index.php\/wp-json\/wp\/v2\/pages\/354\/revisions"}],"predecessor-version":[{"id":475,"href":"https:\/\/niceafrica.eu\/index.php\/wp-json\/wp\/v2\/pages\/354\/revisions\/475"}],"wp:featuredmedia":[{"embeddable":true,"href":"https:\/\/niceafrica.eu\/index.php\/wp-json\/wp\/v2\/media\/371"}],"wp:attachment":[{"href":"https:\/\/niceafrica.eu\/index.php\/wp-json\/wp\/v2\/media?parent=354"}],"curies":[{"name":"wp","href":"https:\/\/api.w.org\/{rel}","templated":true}]}}