{"id":2,"date":"2018-11-07T12:32:24","date_gmt":"2018-11-07T11:32:24","guid":{"rendered":"http:\/\/niceafrica.eu\/?page_id=2"},"modified":"2023-02-10T15:13:53","modified_gmt":"2023-02-10T14:13:53","slug":"page-d-exemple","status":"publish","type":"page","link":"https:\/\/niceafrica.eu\/index.php\/commande\/page-d-exemple\/","title":{"rendered":"Conditions de vente: Politique de confidentialit\u00e9"},"content":{"rendered":"<div id=\"privacy-settings-accordion-block-mailchimp-for-woocommerce\" class=\"privacy-settings-accordion-panel privacy-text-box-body hide-privacy-policy-tutorial\">\n<p>When shopping, we keep a record of your email and the cart contents for up to 30 days on our server. This record is kept to repopulate the contents of your cart if you switch devices or needed to come back another day. Read our privacy policy <a href=\"https:\/\/mailchimp.com\/legal\/privacy\/\">here<\/a>.<\/p>\n<div class=\"privacy-settings-accordion-actions\"><\/div>\n<\/div>\n","protected":false},"excerpt":{"rendered":"<p>When shopping, we keep a record of your email and the cart contents for up to 30 days on our server. This record is kept to repopulate the contents of your cart if you switch devices or needed to come back another day. Read our privacy policy here.<\/p>\n","protected":false},"author":1,"featured_media":0,"parent":6,"menu_order":0,"comment_status":"closed","ping_status":"open","template":"","meta":[],"jetpack_sharing_enabled":true,"jetpack_shortlink":"https:\/\/wp.me\/PaqO43-2","jetpack-related-posts":[{"id":786,"url":"https:\/\/niceafrica.eu\/index.php\/remboursements_retours\/","url_meta":{"origin":2,"position":0},"title":"Politique en mati\u00e8re de remboursements et de retours","date":"3 f\u00e9vrier 2023","format":false,"excerpt":"Notre politique de remboursement et de retour dure 30 jours. Si 30 jours se sont \u00e9coul\u00e9s depuis votre achat, nous ne pouvons pas vous offrir un remboursement complet ou un \u00e9change. Pour \u00eatre admissible \u00e0 un retour, votre article doit \u00eatre inutilis\u00e9 et dans le m\u00eame \u00e9tat que vous l'avez\u2026","rel":"","context":"Article similaire","img":{"alt_text":"","src":"","width":0,"height":0},"classes":[]}],"jetpack_likes_enabled":true,"_links":{"self":[{"href":"https:\/\/niceafrica.eu\/index.php\/wp-json\/wp\/v2\/pages\/2"}],"collection":[{"href":"https:\/\/niceafrica.eu\/index.php\/wp-json\/wp\/v2\/pages"}],"about":[{"href":"https:\/\/niceafrica.eu\/index.php\/wp-json\/wp\/v2\/types\/page"}],"author":[{"embeddable":true,"href":"https:\/\/niceafrica.eu\/index.php\/wp-json\/wp\/v2\/users\/1"}],"replies":[{"embeddable":true,"href":"https:\/\/niceafrica.eu\/index.php\/wp-json\/wp\/v2\/comments?post=2"}],"version-history":[{"count":4,"href":"https:\/\/niceafrica.eu\/index.php\/wp-json\/wp\/v2\/pages\/2\/revisions"}],"predecessor-version":[{"id":358,"href":"https:\/\/niceafrica.eu\/index.php\/wp-json\/wp\/v2\/pages\/2\/revisions\/358"}],"up":[{"embeddable":true,"href":"https:\/\/niceafrica.eu\/index.php\/wp-json\/wp\/v2\/pages\/6"}],"wp:attachment":[{"href":"https:\/\/niceafrica.eu\/index.php\/wp-json\/wp\/v2\/media?parent=2"}],"curies":[{"name":"wp","href":"https:\/\/api.w.org\/{rel}","templated":true}]}}